{"id":92,"date":"2017-05-06T16:34:29","date_gmt":"2017-05-06T14:34:29","guid":{"rendered":"http:\/\/www.scribecom.fr\/mavaleurajoutee\/?page_id=92"},"modified":"2020-01-18T01:10:00","modified_gmt":"2020-01-18T00:10:00","slug":"une-valeur-ajoutee-oui-mais","status":"publish","type":"page","link":"https:\/\/www.scribecom.fr\/mavaleurajoutee\/une-valeur-ajoutee-oui-mais\/","title":{"rendered":"Une Valeur Ajout\u00e9e, mais&#8230;"},"content":{"rendered":"<h2 style=\"text-align: left;\">pas n&rsquo;importe laquelle.<\/h2>\n<h4>Toute id\u00e9e de business doit apporter une valeur ajout\u00e9e :<\/h4>\n<p>&nbsp;<\/p>\n<h3 style=\"padding-left: 60px;\">1. pour <span style=\"color: #ff9900;\"><strong>se d\u00e9marquer<\/strong><\/span><\/h3>\n<h3 style=\"padding-left: 60px;\">2. se d\u00e9marquer pour <span style=\"color: #ff9900;\"><strong>attirer<\/strong><\/span><\/h3>\n<h3 style=\"padding-left: 60px;\">3. attirer pour<span style=\"color: #ff9900;\"><strong> vendre<\/strong><\/span><\/h3>\n<h4 style=\"padding-left: 120px;\"><span style=\"color: #ff9900;\">1 &#8211; n\u00e9cessit\u00e9 de l&rsquo;originalit\u00e9<br \/>\n<\/span><\/h4>\n<h4 style=\"padding-left: 120px;\"><span style=\"color: #ff9900;\">2 &#8211; impact de la s\u00e9duction<br \/>\n<\/span><\/h4>\n<h4 style=\"padding-left: 120px;\"><span style=\"color: #ff9900;\">3 &#8211; enjeu de la conversion<br \/>\n<\/span><\/h4>\n","protected":false},"excerpt":{"rendered":"<p>pas n&rsquo;importe laquelle. Toute id\u00e9e de business doit apporter une valeur ajout\u00e9e : &nbsp; 1. pour se d\u00e9marquer 2. se d\u00e9marquer pour attirer 3. attirer pour vendre 1 &#8211; n\u00e9cessit\u00e9 de l&rsquo;originalit\u00e9 2 &#8211; impact de la s\u00e9duction 3 &#8211; enjeu de la conversion<\/p>\n","protected":false},"author":1,"featured_media":0,"parent":0,"menu_order":0,"comment_status":"closed","ping_status":"closed","template":"","meta":{"_crdt_document":"","neve_meta_sidebar":"","neve_meta_container":"","neve_meta_enable_content_width":"","neve_meta_content_width":0,"neve_meta_title_alignment":"","neve_meta_author_avatar":"","neve_post_elements_order":"","neve_meta_disable_header":"","neve_meta_disable_footer":"","neve_meta_disable_title":"","footnotes":""},"class_list":["post-92","page","type-page","status-publish","hentry"],"yoast_head":"<!-- This site is optimized with the Yoast SEO plugin v27.4 - https:\/\/yoast.com\/product\/yoast-seo-wordpress\/ -->\n<title>Une Valeur Ajout\u00e9e, mais... - Votre Valeur Ajout\u00e9e<\/title>\n<meta name=\"robots\" content=\"index, follow, max-snippet:-1, max-image-preview:large, max-video-preview:-1\" \/>\n<link rel=\"canonical\" href=\"https:\/\/www.scribecom.fr\/mavaleurajoutee\/une-valeur-ajoutee-oui-mais\/\" \/>\n<meta property=\"og:locale\" content=\"fr_FR\" \/>\n<meta property=\"og:type\" content=\"article\" \/>\n<meta property=\"og:title\" content=\"Une Valeur Ajout\u00e9e, mais... - Votre Valeur Ajout\u00e9e\" \/>\n<meta property=\"og:description\" content=\"pas n&rsquo;importe laquelle. Toute id\u00e9e de business doit apporter une valeur ajout\u00e9e : &nbsp; 1. pour se d\u00e9marquer 2. se d\u00e9marquer pour attirer 3. attirer pour vendre 1 &#8211; n\u00e9cessit\u00e9 de l&rsquo;originalit\u00e9 2 &#8211; impact de la s\u00e9duction 3 &#8211; enjeu de la conversion\" \/>\n<meta property=\"og:url\" content=\"https:\/\/www.scribecom.fr\/mavaleurajoutee\/une-valeur-ajoutee-oui-mais\/\" \/>\n<meta property=\"og:site_name\" content=\"Votre Valeur Ajout\u00e9e\" \/>\n<meta property=\"article:publisher\" content=\"https:\/\/www.facebook.com\/scribecom\" \/>\n<meta property=\"article:modified_time\" content=\"2020-01-18T00:10:00+00:00\" \/>\n<meta name=\"twitter:card\" content=\"summary_large_image\" \/>\n<meta name=\"twitter:site\" content=\"@Scribelle\" \/>\n<script type=\"application\/ld+json\" class=\"yoast-schema-graph\">{\"@context\":\"https:\\\/\\\/schema.org\",\"@graph\":[{\"@type\":\"WebPage\",\"@id\":\"https:\\\/\\\/www.scribecom.fr\\\/mavaleurajoutee\\\/une-valeur-ajoutee-oui-mais\\\/\",\"url\":\"https:\\\/\\\/www.scribecom.fr\\\/mavaleurajoutee\\\/une-valeur-ajoutee-oui-mais\\\/\",\"name\":\"Une Valeur Ajout\u00e9e, mais... - Votre Valeur Ajout\u00e9e\",\"isPartOf\":{\"@id\":\"https:\\\/\\\/www.scribecom.fr\\\/mavaleurajoutee\\\/#website\"},\"datePublished\":\"2017-05-06T14:34:29+00:00\",\"dateModified\":\"2020-01-18T00:10:00+00:00\",\"breadcrumb\":{\"@id\":\"https:\\\/\\\/www.scribecom.fr\\\/mavaleurajoutee\\\/une-valeur-ajoutee-oui-mais\\\/#breadcrumb\"},\"inLanguage\":\"fr-FR\",\"potentialAction\":[{\"@type\":\"ReadAction\",\"target\":[\"https:\\\/\\\/www.scribecom.fr\\\/mavaleurajoutee\\\/une-valeur-ajoutee-oui-mais\\\/\"]}]},{\"@type\":\"BreadcrumbList\",\"@id\":\"https:\\\/\\\/www.scribecom.fr\\\/mavaleurajoutee\\\/une-valeur-ajoutee-oui-mais\\\/#breadcrumb\",\"itemListElement\":[{\"@type\":\"ListItem\",\"position\":1,\"name\":\"Accueil\",\"item\":\"https:\\\/\\\/www.scribecom.fr\\\/mavaleurajoutee\\\/\"},{\"@type\":\"ListItem\",\"position\":2,\"name\":\"Une Valeur Ajout\u00e9e, mais&#8230;\"}]},{\"@type\":\"WebSite\",\"@id\":\"https:\\\/\\\/www.scribecom.fr\\\/mavaleurajoutee\\\/#website\",\"url\":\"https:\\\/\\\/www.scribecom.fr\\\/mavaleurajoutee\\\/\",\"name\":\"Votre Valeur Ajout\u00e9e\",\"description\":\"SERVIR SA DIFF\u00c9RENCE\",\"publisher\":{\"@id\":\"https:\\\/\\\/www.scribecom.fr\\\/mavaleurajoutee\\\/#organization\"},\"potentialAction\":[{\"@type\":\"SearchAction\",\"target\":{\"@type\":\"EntryPoint\",\"urlTemplate\":\"https:\\\/\\\/www.scribecom.fr\\\/mavaleurajoutee\\\/?s={search_term_string}\"},\"query-input\":{\"@type\":\"PropertyValueSpecification\",\"valueRequired\":true,\"valueName\":\"search_term_string\"}}],\"inLanguage\":\"fr-FR\"},{\"@type\":\"Organization\",\"@id\":\"https:\\\/\\\/www.scribecom.fr\\\/mavaleurajoutee\\\/#organization\",\"name\":\"Votre Valeur Ajout\u00e9e\",\"url\":\"https:\\\/\\\/www.scribecom.fr\\\/mavaleurajoutee\\\/\",\"logo\":{\"@type\":\"ImageObject\",\"inLanguage\":\"fr-FR\",\"@id\":\"https:\\\/\\\/www.scribecom.fr\\\/mavaleurajoutee\\\/#\\\/schema\\\/logo\\\/image\\\/\",\"url\":\"https:\\\/\\\/www.scribecom.fr\\\/mavaleurajoutee\\\/wp-content\\\/uploads\\\/2025\\\/10\\\/cropped-VVA-1.png\",\"contentUrl\":\"https:\\\/\\\/www.scribecom.fr\\\/mavaleurajoutee\\\/wp-content\\\/uploads\\\/2025\\\/10\\\/cropped-VVA-1.png\",\"width\":499,\"height\":99,\"caption\":\"Votre Valeur Ajout\u00e9e\"},\"image\":{\"@id\":\"https:\\\/\\\/www.scribecom.fr\\\/mavaleurajoutee\\\/#\\\/schema\\\/logo\\\/image\\\/\"},\"sameAs\":[\"https:\\\/\\\/www.facebook.com\\\/scribecom\",\"https:\\\/\\\/x.com\\\/Scribelle\"]}]}<\/script>\n<!-- \/ Yoast SEO plugin. -->","yoast_head_json":{"title":"Une Valeur Ajout\u00e9e, mais... - Votre Valeur Ajout\u00e9e","robots":{"index":"index","follow":"follow","max-snippet":"max-snippet:-1","max-image-preview":"max-image-preview:large","max-video-preview":"max-video-preview:-1"},"canonical":"https:\/\/www.scribecom.fr\/mavaleurajoutee\/une-valeur-ajoutee-oui-mais\/","og_locale":"fr_FR","og_type":"article","og_title":"Une Valeur Ajout\u00e9e, mais... - Votre Valeur Ajout\u00e9e","og_description":"pas n&rsquo;importe laquelle. Toute id\u00e9e de business doit apporter une valeur ajout\u00e9e : &nbsp; 1. pour se d\u00e9marquer 2. se d\u00e9marquer pour attirer 3. attirer pour vendre 1 &#8211; n\u00e9cessit\u00e9 de l&rsquo;originalit\u00e9 2 &#8211; impact de la s\u00e9duction 3 &#8211; enjeu de la conversion","og_url":"https:\/\/www.scribecom.fr\/mavaleurajoutee\/une-valeur-ajoutee-oui-mais\/","og_site_name":"Votre Valeur Ajout\u00e9e","article_publisher":"https:\/\/www.facebook.com\/scribecom","article_modified_time":"2020-01-18T00:10:00+00:00","twitter_card":"summary_large_image","twitter_site":"@Scribelle","schema":{"@context":"https:\/\/schema.org","@graph":[{"@type":"WebPage","@id":"https:\/\/www.scribecom.fr\/mavaleurajoutee\/une-valeur-ajoutee-oui-mais\/","url":"https:\/\/www.scribecom.fr\/mavaleurajoutee\/une-valeur-ajoutee-oui-mais\/","name":"Une Valeur Ajout\u00e9e, mais... - Votre Valeur Ajout\u00e9e","isPartOf":{"@id":"https:\/\/www.scribecom.fr\/mavaleurajoutee\/#website"},"datePublished":"2017-05-06T14:34:29+00:00","dateModified":"2020-01-18T00:10:00+00:00","breadcrumb":{"@id":"https:\/\/www.scribecom.fr\/mavaleurajoutee\/une-valeur-ajoutee-oui-mais\/#breadcrumb"},"inLanguage":"fr-FR","potentialAction":[{"@type":"ReadAction","target":["https:\/\/www.scribecom.fr\/mavaleurajoutee\/une-valeur-ajoutee-oui-mais\/"]}]},{"@type":"BreadcrumbList","@id":"https:\/\/www.scribecom.fr\/mavaleurajoutee\/une-valeur-ajoutee-oui-mais\/#breadcrumb","itemListElement":[{"@type":"ListItem","position":1,"name":"Accueil","item":"https:\/\/www.scribecom.fr\/mavaleurajoutee\/"},{"@type":"ListItem","position":2,"name":"Une Valeur Ajout\u00e9e, mais&#8230;"}]},{"@type":"WebSite","@id":"https:\/\/www.scribecom.fr\/mavaleurajoutee\/#website","url":"https:\/\/www.scribecom.fr\/mavaleurajoutee\/","name":"Votre Valeur Ajout\u00e9e","description":"SERVIR SA DIFF\u00c9RENCE","publisher":{"@id":"https:\/\/www.scribecom.fr\/mavaleurajoutee\/#organization"},"potentialAction":[{"@type":"SearchAction","target":{"@type":"EntryPoint","urlTemplate":"https:\/\/www.scribecom.fr\/mavaleurajoutee\/?s={search_term_string}"},"query-input":{"@type":"PropertyValueSpecification","valueRequired":true,"valueName":"search_term_string"}}],"inLanguage":"fr-FR"},{"@type":"Organization","@id":"https:\/\/www.scribecom.fr\/mavaleurajoutee\/#organization","name":"Votre Valeur Ajout\u00e9e","url":"https:\/\/www.scribecom.fr\/mavaleurajoutee\/","logo":{"@type":"ImageObject","inLanguage":"fr-FR","@id":"https:\/\/www.scribecom.fr\/mavaleurajoutee\/#\/schema\/logo\/image\/","url":"https:\/\/www.scribecom.fr\/mavaleurajoutee\/wp-content\/uploads\/2025\/10\/cropped-VVA-1.png","contentUrl":"https:\/\/www.scribecom.fr\/mavaleurajoutee\/wp-content\/uploads\/2025\/10\/cropped-VVA-1.png","width":499,"height":99,"caption":"Votre Valeur Ajout\u00e9e"},"image":{"@id":"https:\/\/www.scribecom.fr\/mavaleurajoutee\/#\/schema\/logo\/image\/"},"sameAs":["https:\/\/www.facebook.com\/scribecom","https:\/\/x.com\/Scribelle"]}]}},"_links":{"self":[{"href":"https:\/\/www.scribecom.fr\/mavaleurajoutee\/wp-json\/wp\/v2\/pages\/92","targetHints":{"allow":["GET"]}}],"collection":[{"href":"https:\/\/www.scribecom.fr\/mavaleurajoutee\/wp-json\/wp\/v2\/pages"}],"about":[{"href":"https:\/\/www.scribecom.fr\/mavaleurajoutee\/wp-json\/wp\/v2\/types\/page"}],"author":[{"embeddable":true,"href":"https:\/\/www.scribecom.fr\/mavaleurajoutee\/wp-json\/wp\/v2\/users\/1"}],"replies":[{"embeddable":true,"href":"https:\/\/www.scribecom.fr\/mavaleurajoutee\/wp-json\/wp\/v2\/comments?post=92"}],"version-history":[{"count":25,"href":"https:\/\/www.scribecom.fr\/mavaleurajoutee\/wp-json\/wp\/v2\/pages\/92\/revisions"}],"predecessor-version":[{"id":935,"href":"https:\/\/www.scribecom.fr\/mavaleurajoutee\/wp-json\/wp\/v2\/pages\/92\/revisions\/935"}],"wp:attachment":[{"href":"https:\/\/www.scribecom.fr\/mavaleurajoutee\/wp-json\/wp\/v2\/media?parent=92"}],"curies":[{"name":"wp","href":"https:\/\/api.w.org\/{rel}","templated":true}]}}