{"id":87,"date":"2017-05-06T16:27:42","date_gmt":"2017-05-06T14:27:42","guid":{"rendered":"http:\/\/www.scribecom.fr\/mavaleurajoutee\/?page_id=87"},"modified":"2020-01-18T20:03:28","modified_gmt":"2020-01-18T19:03:28","slug":"votre-reve-adapte-a-votre-valeur","status":"publish","type":"page","link":"https:\/\/www.scribecom.fr\/mavaleurajoutee\/votre-reve-adapte-a-votre-valeur\/","title":{"rendered":"R\u00e9aliser son r\u00eave mais&#8230;"},"content":{"rendered":"<h2 style=\"text-align: left;\">servi par une valeur ajout\u00e9e.<\/h2>\n<h4>\u00ab\u00a0Ma\u00a0\u00bb valeur ajout\u00e9e, celle que je vous apporte, doit devenir la v\u00f4tre :<\/h4>\n<p>&nbsp;<\/p>\n<h3 style=\"padding-left: 60px;\">1. en <span style=\"color: #27cbcd;\">analysant <\/span>d&rsquo;abord le march\u00e9 et la cible\u00a0\u00a0 <span style=\"font-size: 12pt;\">&gt;&gt; <em>observer<\/em><\/span><\/h3>\n<h3 style=\"padding-left: 60px;\">2. en <span style=\"color: #27cbcd;\">se projetant <\/span>pour d\u00e9cliner un concept\u00a0\u00a0 <span style=\"font-size: 12pt;\">&gt;&gt; <em>anticiper<\/em><\/span><\/h3>\n<h3 style=\"padding-left: 60px;\">3. en <span style=\"color: #27cbcd;\">racontant<\/span> du sens\u00a0\u00a0 <span style=\"font-size: 12pt;\">&gt;&gt; <em>communiquer<\/em><\/span><span style=\"color: #ff9900;\"><strong><br \/>\n<\/strong><\/span><\/h3>\n<h4 style=\"padding-left: 120px;\"><span style=\"color: #27cbcd;\">1 &#8211; n\u00e9cessit\u00e9 d&rsquo;une veille<\/span><\/h4>\n<h4 style=\"padding-left: 120px;\"><span style=\"color: #27cbcd;\">2 &#8211; importance d&rsquo;une vision<br \/>\n<\/span><\/h4>\n<h4 style=\"padding-left: 120px;\"><span style=\"color: #27cbcd;\">3 &#8211; enjeu de l&rsquo;information<br \/>\n<\/span><\/h4>\n<p>&nbsp;<\/p>\n","protected":false},"excerpt":{"rendered":"<p>servi par une valeur ajout\u00e9e. \u00ab\u00a0Ma\u00a0\u00bb valeur ajout\u00e9e, celle que je vous apporte, doit devenir la v\u00f4tre : &nbsp; 1. en analysant d&rsquo;abord le march\u00e9 et la cible\u00a0\u00a0 &gt;&gt; observer 2. en se projetant pour d\u00e9cliner un concept\u00a0\u00a0 &gt;&gt; anticiper 3. en racontant du sens\u00a0\u00a0 &gt;&gt; communiquer 1 &#8211; n\u00e9cessit\u00e9 d&rsquo;une veille 2 &#8211; importance&hellip;&nbsp;<\/p>\n","protected":false},"author":1,"featured_media":0,"parent":0,"menu_order":0,"comment_status":"closed","ping_status":"closed","template":"","meta":{"_crdt_document":"","neve_meta_sidebar":"","neve_meta_container":"","neve_meta_enable_content_width":"","neve_meta_content_width":0,"neve_meta_title_alignment":"","neve_meta_author_avatar":"","neve_post_elements_order":"","neve_meta_disable_header":"","neve_meta_disable_footer":"","neve_meta_disable_title":"","footnotes":""},"class_list":["post-87","page","type-page","status-publish","hentry"],"yoast_head":"<!-- This site is optimized with the Yoast SEO plugin v27.0 - https:\/\/yoast.com\/product\/yoast-seo-wordpress\/ -->\n<title>R\u00e9aliser son r\u00eave mais... - Votre Valeur Ajout\u00e9e<\/title>\n<meta name=\"robots\" content=\"index, follow, max-snippet:-1, max-image-preview:large, max-video-preview:-1\" \/>\n<link rel=\"canonical\" href=\"https:\/\/www.scribecom.fr\/mavaleurajoutee\/votre-reve-adapte-a-votre-valeur\/\" \/>\n<meta property=\"og:locale\" content=\"fr_FR\" \/>\n<meta property=\"og:type\" content=\"article\" \/>\n<meta property=\"og:title\" content=\"R\u00e9aliser son r\u00eave mais... - Votre Valeur Ajout\u00e9e\" \/>\n<meta property=\"og:description\" content=\"servi par une valeur ajout\u00e9e. \u00ab\u00a0Ma\u00a0\u00bb valeur ajout\u00e9e, celle que je vous apporte, doit devenir la v\u00f4tre : &nbsp; 1. en analysant d&rsquo;abord le march\u00e9 et la cible\u00a0\u00a0 &gt;&gt; observer 2. en se projetant pour d\u00e9cliner un concept\u00a0\u00a0 &gt;&gt; anticiper 3. en racontant du sens\u00a0\u00a0 &gt;&gt; communiquer 1 &#8211; n\u00e9cessit\u00e9 d&rsquo;une veille 2 &#8211; importance&hellip;&nbsp;\" \/>\n<meta property=\"og:url\" content=\"https:\/\/www.scribecom.fr\/mavaleurajoutee\/votre-reve-adapte-a-votre-valeur\/\" \/>\n<meta property=\"og:site_name\" content=\"Votre Valeur Ajout\u00e9e\" \/>\n<meta property=\"article:publisher\" content=\"https:\/\/www.facebook.com\/scribecom\" \/>\n<meta property=\"article:modified_time\" content=\"2020-01-18T19:03:28+00:00\" \/>\n<meta name=\"twitter:card\" content=\"summary_large_image\" \/>\n<meta name=\"twitter:site\" content=\"@Scribelle\" \/>\n<script type=\"application\/ld+json\" class=\"yoast-schema-graph\">{\"@context\":\"https:\/\/schema.org\",\"@graph\":[{\"@type\":\"WebPage\",\"@id\":\"https:\/\/www.scribecom.fr\/mavaleurajoutee\/votre-reve-adapte-a-votre-valeur\/\",\"url\":\"https:\/\/www.scribecom.fr\/mavaleurajoutee\/votre-reve-adapte-a-votre-valeur\/\",\"name\":\"R\u00e9aliser son r\u00eave mais... - Votre Valeur Ajout\u00e9e\",\"isPartOf\":{\"@id\":\"https:\/\/www.scribecom.fr\/mavaleurajoutee\/#website\"},\"datePublished\":\"2017-05-06T14:27:42+00:00\",\"dateModified\":\"2020-01-18T19:03:28+00:00\",\"breadcrumb\":{\"@id\":\"https:\/\/www.scribecom.fr\/mavaleurajoutee\/votre-reve-adapte-a-votre-valeur\/#breadcrumb\"},\"inLanguage\":\"fr-FR\",\"potentialAction\":[{\"@type\":\"ReadAction\",\"target\":[\"https:\/\/www.scribecom.fr\/mavaleurajoutee\/votre-reve-adapte-a-votre-valeur\/\"]}]},{\"@type\":\"BreadcrumbList\",\"@id\":\"https:\/\/www.scribecom.fr\/mavaleurajoutee\/votre-reve-adapte-a-votre-valeur\/#breadcrumb\",\"itemListElement\":[{\"@type\":\"ListItem\",\"position\":1,\"name\":\"Accueil\",\"item\":\"https:\/\/www.scribecom.fr\/mavaleurajoutee\/\"},{\"@type\":\"ListItem\",\"position\":2,\"name\":\"R\u00e9aliser son r\u00eave mais&#8230;\"}]},{\"@type\":\"WebSite\",\"@id\":\"https:\/\/www.scribecom.fr\/mavaleurajoutee\/#website\",\"url\":\"https:\/\/www.scribecom.fr\/mavaleurajoutee\/\",\"name\":\"Votre Valeur Ajout\u00e9e\",\"description\":\"SERVIR SA DIFF\u00c9RENCE\",\"publisher\":{\"@id\":\"https:\/\/www.scribecom.fr\/mavaleurajoutee\/#organization\"},\"potentialAction\":[{\"@type\":\"SearchAction\",\"target\":{\"@type\":\"EntryPoint\",\"urlTemplate\":\"https:\/\/www.scribecom.fr\/mavaleurajoutee\/?s={search_term_string}\"},\"query-input\":{\"@type\":\"PropertyValueSpecification\",\"valueRequired\":true,\"valueName\":\"search_term_string\"}}],\"inLanguage\":\"fr-FR\"},{\"@type\":\"Organization\",\"@id\":\"https:\/\/www.scribecom.fr\/mavaleurajoutee\/#organization\",\"name\":\"Votre Valeur Ajout\u00e9e\",\"url\":\"https:\/\/www.scribecom.fr\/mavaleurajoutee\/\",\"logo\":{\"@type\":\"ImageObject\",\"inLanguage\":\"fr-FR\",\"@id\":\"https:\/\/www.scribecom.fr\/mavaleurajoutee\/#\/schema\/logo\/image\/\",\"url\":\"https:\/\/www.scribecom.fr\/mavaleurajoutee\/wp-content\/uploads\/2025\/10\/cropped-VVA-1.png\",\"contentUrl\":\"https:\/\/www.scribecom.fr\/mavaleurajoutee\/wp-content\/uploads\/2025\/10\/cropped-VVA-1.png\",\"width\":499,\"height\":99,\"caption\":\"Votre Valeur Ajout\u00e9e\"},\"image\":{\"@id\":\"https:\/\/www.scribecom.fr\/mavaleurajoutee\/#\/schema\/logo\/image\/\"},\"sameAs\":[\"https:\/\/www.facebook.com\/scribecom\",\"https:\/\/x.com\/Scribelle\"]}]}<\/script>\n<!-- \/ Yoast SEO plugin. -->","yoast_head_json":{"title":"R\u00e9aliser son r\u00eave mais... - Votre Valeur Ajout\u00e9e","robots":{"index":"index","follow":"follow","max-snippet":"max-snippet:-1","max-image-preview":"max-image-preview:large","max-video-preview":"max-video-preview:-1"},"canonical":"https:\/\/www.scribecom.fr\/mavaleurajoutee\/votre-reve-adapte-a-votre-valeur\/","og_locale":"fr_FR","og_type":"article","og_title":"R\u00e9aliser son r\u00eave mais... - Votre Valeur Ajout\u00e9e","og_description":"servi par une valeur ajout\u00e9e. \u00ab\u00a0Ma\u00a0\u00bb valeur ajout\u00e9e, celle que je vous apporte, doit devenir la v\u00f4tre : &nbsp; 1. en analysant d&rsquo;abord le march\u00e9 et la cible\u00a0\u00a0 &gt;&gt; observer 2. en se projetant pour d\u00e9cliner un concept\u00a0\u00a0 &gt;&gt; anticiper 3. en racontant du sens\u00a0\u00a0 &gt;&gt; communiquer 1 &#8211; n\u00e9cessit\u00e9 d&rsquo;une veille 2 &#8211; importance&hellip;&nbsp;","og_url":"https:\/\/www.scribecom.fr\/mavaleurajoutee\/votre-reve-adapte-a-votre-valeur\/","og_site_name":"Votre Valeur Ajout\u00e9e","article_publisher":"https:\/\/www.facebook.com\/scribecom","article_modified_time":"2020-01-18T19:03:28+00:00","twitter_card":"summary_large_image","twitter_site":"@Scribelle","schema":{"@context":"https:\/\/schema.org","@graph":[{"@type":"WebPage","@id":"https:\/\/www.scribecom.fr\/mavaleurajoutee\/votre-reve-adapte-a-votre-valeur\/","url":"https:\/\/www.scribecom.fr\/mavaleurajoutee\/votre-reve-adapte-a-votre-valeur\/","name":"R\u00e9aliser son r\u00eave mais... - Votre Valeur Ajout\u00e9e","isPartOf":{"@id":"https:\/\/www.scribecom.fr\/mavaleurajoutee\/#website"},"datePublished":"2017-05-06T14:27:42+00:00","dateModified":"2020-01-18T19:03:28+00:00","breadcrumb":{"@id":"https:\/\/www.scribecom.fr\/mavaleurajoutee\/votre-reve-adapte-a-votre-valeur\/#breadcrumb"},"inLanguage":"fr-FR","potentialAction":[{"@type":"ReadAction","target":["https:\/\/www.scribecom.fr\/mavaleurajoutee\/votre-reve-adapte-a-votre-valeur\/"]}]},{"@type":"BreadcrumbList","@id":"https:\/\/www.scribecom.fr\/mavaleurajoutee\/votre-reve-adapte-a-votre-valeur\/#breadcrumb","itemListElement":[{"@type":"ListItem","position":1,"name":"Accueil","item":"https:\/\/www.scribecom.fr\/mavaleurajoutee\/"},{"@type":"ListItem","position":2,"name":"R\u00e9aliser son r\u00eave mais&#8230;"}]},{"@type":"WebSite","@id":"https:\/\/www.scribecom.fr\/mavaleurajoutee\/#website","url":"https:\/\/www.scribecom.fr\/mavaleurajoutee\/","name":"Votre Valeur Ajout\u00e9e","description":"SERVIR SA DIFF\u00c9RENCE","publisher":{"@id":"https:\/\/www.scribecom.fr\/mavaleurajoutee\/#organization"},"potentialAction":[{"@type":"SearchAction","target":{"@type":"EntryPoint","urlTemplate":"https:\/\/www.scribecom.fr\/mavaleurajoutee\/?s={search_term_string}"},"query-input":{"@type":"PropertyValueSpecification","valueRequired":true,"valueName":"search_term_string"}}],"inLanguage":"fr-FR"},{"@type":"Organization","@id":"https:\/\/www.scribecom.fr\/mavaleurajoutee\/#organization","name":"Votre Valeur Ajout\u00e9e","url":"https:\/\/www.scribecom.fr\/mavaleurajoutee\/","logo":{"@type":"ImageObject","inLanguage":"fr-FR","@id":"https:\/\/www.scribecom.fr\/mavaleurajoutee\/#\/schema\/logo\/image\/","url":"https:\/\/www.scribecom.fr\/mavaleurajoutee\/wp-content\/uploads\/2025\/10\/cropped-VVA-1.png","contentUrl":"https:\/\/www.scribecom.fr\/mavaleurajoutee\/wp-content\/uploads\/2025\/10\/cropped-VVA-1.png","width":499,"height":99,"caption":"Votre Valeur Ajout\u00e9e"},"image":{"@id":"https:\/\/www.scribecom.fr\/mavaleurajoutee\/#\/schema\/logo\/image\/"},"sameAs":["https:\/\/www.facebook.com\/scribecom","https:\/\/x.com\/Scribelle"]}]}},"_links":{"self":[{"href":"https:\/\/www.scribecom.fr\/mavaleurajoutee\/wp-json\/wp\/v2\/pages\/87","targetHints":{"allow":["GET"]}}],"collection":[{"href":"https:\/\/www.scribecom.fr\/mavaleurajoutee\/wp-json\/wp\/v2\/pages"}],"about":[{"href":"https:\/\/www.scribecom.fr\/mavaleurajoutee\/wp-json\/wp\/v2\/types\/page"}],"author":[{"embeddable":true,"href":"https:\/\/www.scribecom.fr\/mavaleurajoutee\/wp-json\/wp\/v2\/users\/1"}],"replies":[{"embeddable":true,"href":"https:\/\/www.scribecom.fr\/mavaleurajoutee\/wp-json\/wp\/v2\/comments?post=87"}],"version-history":[{"count":40,"href":"https:\/\/www.scribecom.fr\/mavaleurajoutee\/wp-json\/wp\/v2\/pages\/87\/revisions"}],"predecessor-version":[{"id":946,"href":"https:\/\/www.scribecom.fr\/mavaleurajoutee\/wp-json\/wp\/v2\/pages\/87\/revisions\/946"}],"wp:attachment":[{"href":"https:\/\/www.scribecom.fr\/mavaleurajoutee\/wp-json\/wp\/v2\/media?parent=87"}],"curies":[{"name":"wp","href":"https:\/\/api.w.org\/{rel}","templated":true}]}}