{"id":57,"date":"2017-05-02T23:47:28","date_gmt":"2017-05-02T21:47:28","guid":{"rendered":"http:\/\/www.scribecom.fr\/mavaleurajoutee\/?page_id=57"},"modified":"2025-10-18T21:54:53","modified_gmt":"2025-10-18T19:54:53","slug":"communication","status":"publish","type":"page","link":"https:\/\/www.scribecom.fr\/mavaleurajoutee\/communication\/","title":{"rendered":"communication"},"content":{"rendered":"\n<div class=\"wp-block-columns is-layout-flex wp-container-core-columns-is-layout-8f761849 wp-block-columns-is-layout-flex\">\n<div class=\"wp-block-column is-layout-flow wp-block-column-is-layout-flow\">\n<h2 class=\"wp-block-heading has-text-color has-link-color wp-elements-e38f0ed65b35674a0da6123d5f9d84da\" style=\"color:#b3a89c;font-size:22px\"><strong>PR\u00c9VOIR<\/strong><\/h2>\n\n\n\n<p class=\"has-text-color has-link-color wp-elements-c53f9ef43e6a041faf663eb54088aef7 wp-block-paragraph\" style=\"color:#555555;font-size:14px\">Communiquer n&rsquo;est pas une phase \u00e0 traiter au dernier moment ! Votre image va donner vie au concept. La gestion de l&rsquo;information doit \u00eatre int\u00e9gr\u00e9e d\u00e8s le d\u00e9but. D\u00e8s l&rsquo;\u00e9tape de la veille, r\u00e9fl\u00e9chir \u00e0 une future formulation.<\/p>\n<\/div>\n\n\n\n<div class=\"wp-block-column is-layout-flow wp-block-column-is-layout-flow\">\n<h2 class=\"wp-block-heading has-text-color has-link-color wp-elements-095c2bbfb95896a6bd74cb1d7c4c485f\" style=\"color:#b3a89c;font-size:22px\"><strong>HABILLER<\/strong><\/h2>\n\n\n\n<p class=\"has-text-color has-link-color wp-elements-95879e91f097e1b65f0656ad50b11d1b wp-block-paragraph\" style=\"color:#555555;font-size:14px\">Quand n\u00e9cessaire, Scrib\u00e9Com travail avec un r\u00e9seau de qualit\u00e9 constitu\u00e9 de professionnels : graphiste, vid\u00e9aste, d\u00e9veloppeur, designer, photographe, imprimeur, dessinateur, animateur de communaut\u00e9s&#8230;<\/p>\n<\/div>\n\n\n\n<div class=\"wp-block-column is-layout-flow wp-block-column-is-layout-flow\">\n<h2 class=\"wp-block-heading has-text-color has-link-color wp-elements-7073e179514b96b61f63ca257d29b4b0\" style=\"color:#b3a89c;font-size:22px\"><strong>PARTAGER<\/strong><\/h2>\n\n\n\n<p class=\"has-text-color has-link-color wp-elements-2e8f1272d1d5e8c83e8c1ee2430efa63 wp-block-paragraph\" style=\"color:#555555;font-size:14px\">Nourrir un concept en lui donnant du sens et des mots \u00e0 travers un contenu. Suivre la feuille de route d&rsquo;une strat\u00e9gie digitale pr\u00e9par\u00e9e en amont. Diffuser vos messages aux bons endroits afin de toucher vos cibles.<\/p>\n<\/div>\n<\/div>\n\n\n<div class=\"wp-block-image\">\n<figure class=\"aligncenter size-full is-resized\"><img loading=\"lazy\" decoding=\"async\" width=\"640\" height=\"426\" src=\"https:\/\/www.scribecom.fr\/mavaleurajoutee\/wp-content\/uploads\/2017\/05\/stones-2082937_640.jpg\" alt=\"\" class=\"wp-image-78\" style=\"width:470px\" srcset=\"https:\/\/www.scribecom.fr\/mavaleurajoutee\/wp-content\/uploads\/2017\/05\/stones-2082937_640.jpg 640w, https:\/\/www.scribecom.fr\/mavaleurajoutee\/wp-content\/uploads\/2017\/05\/stones-2082937_640-300x200.jpg 300w\" sizes=\"auto, (max-width: 640px) 100vw, 640px\" \/><\/figure>\n<\/div>\n\n\n<div style=\"height:35px\" aria-hidden=\"true\" class=\"wp-block-spacer\"><\/div>\n\n\n\n<p class=\"has-text-align-center wp-block-paragraph\"><em>La communication est mon c\u0153ur de m\u00e9tier.<\/em><\/p>\n","protected":false},"excerpt":{"rendered":"<p>PR\u00c9VOIR Communiquer n&rsquo;est pas une phase \u00e0 traiter au dernier moment ! Votre image va donner vie au concept. La gestion de l&rsquo;information doit \u00eatre int\u00e9gr\u00e9e d\u00e8s le d\u00e9but. D\u00e8s l&rsquo;\u00e9tape de la veille, r\u00e9fl\u00e9chir \u00e0 une future formulation. HABILLER Quand n\u00e9cessaire, Scrib\u00e9Com travail avec un r\u00e9seau de qualit\u00e9 constitu\u00e9 de professionnels : graphiste, vid\u00e9aste,&hellip;&nbsp;<\/p>\n","protected":false},"author":1,"featured_media":78,"parent":0,"menu_order":0,"comment_status":"closed","ping_status":"closed","template":"","meta":{"_crdt_document":"","neve_meta_sidebar":"","neve_meta_container":"","neve_meta_enable_content_width":"","neve_meta_content_width":0,"neve_meta_title_alignment":"","neve_meta_author_avatar":"","neve_post_elements_order":"","neve_meta_disable_header":"","neve_meta_disable_footer":"","neve_meta_disable_title":"","footnotes":""},"class_list":["post-57","page","type-page","status-publish","has-post-thumbnail","hentry"],"yoast_head":"<!-- This site is optimized with the Yoast SEO plugin v27.4 - https:\/\/yoast.com\/product\/yoast-seo-wordpress\/ -->\n<title>communication - Votre Valeur Ajout\u00e9e<\/title>\n<meta name=\"robots\" content=\"index, follow, max-snippet:-1, max-image-preview:large, max-video-preview:-1\" \/>\n<link rel=\"canonical\" href=\"https:\/\/www.scribecom.fr\/mavaleurajoutee\/communication\/\" \/>\n<meta property=\"og:locale\" content=\"fr_FR\" \/>\n<meta property=\"og:type\" content=\"article\" \/>\n<meta property=\"og:title\" content=\"communication - Votre Valeur Ajout\u00e9e\" \/>\n<meta property=\"og:description\" content=\"PR\u00c9VOIR Communiquer n&rsquo;est pas une phase \u00e0 traiter au dernier moment ! Votre image va donner vie au concept. La gestion de l&rsquo;information doit \u00eatre int\u00e9gr\u00e9e d\u00e8s le d\u00e9but. D\u00e8s l&rsquo;\u00e9tape de la veille, r\u00e9fl\u00e9chir \u00e0 une future formulation. HABILLER Quand n\u00e9cessaire, Scrib\u00e9Com travail avec un r\u00e9seau de qualit\u00e9 constitu\u00e9 de professionnels : graphiste, vid\u00e9aste,&hellip;&nbsp;\" \/>\n<meta property=\"og:url\" content=\"https:\/\/www.scribecom.fr\/mavaleurajoutee\/communication\/\" \/>\n<meta property=\"og:site_name\" content=\"Votre Valeur Ajout\u00e9e\" \/>\n<meta property=\"article:publisher\" content=\"https:\/\/www.facebook.com\/scribecom\" \/>\n<meta property=\"article:modified_time\" content=\"2025-10-18T19:54:53+00:00\" \/>\n<meta property=\"og:image\" content=\"https:\/\/www.scribecom.fr\/mavaleurajoutee\/wp-content\/uploads\/2017\/05\/stones-2082937_640.jpg\" \/>\n\t<meta property=\"og:image:width\" content=\"640\" \/>\n\t<meta property=\"og:image:height\" content=\"426\" \/>\n\t<meta property=\"og:image:type\" content=\"image\/jpeg\" \/>\n<meta name=\"twitter:card\" content=\"summary_large_image\" \/>\n<meta name=\"twitter:site\" content=\"@Scribelle\" \/>\n<meta name=\"twitter:label1\" content=\"Dur\u00e9e de lecture estim\u00e9e\" \/>\n\t<meta name=\"twitter:data1\" content=\"1 minute\" \/>\n<script type=\"application\/ld+json\" class=\"yoast-schema-graph\">{\"@context\":\"https:\\\/\\\/schema.org\",\"@graph\":[{\"@type\":\"WebPage\",\"@id\":\"https:\\\/\\\/www.scribecom.fr\\\/mavaleurajoutee\\\/communication\\\/\",\"url\":\"https:\\\/\\\/www.scribecom.fr\\\/mavaleurajoutee\\\/communication\\\/\",\"name\":\"communication - Votre Valeur Ajout\u00e9e\",\"isPartOf\":{\"@id\":\"https:\\\/\\\/www.scribecom.fr\\\/mavaleurajoutee\\\/#website\"},\"primaryImageOfPage\":{\"@id\":\"https:\\\/\\\/www.scribecom.fr\\\/mavaleurajoutee\\\/communication\\\/#primaryimage\"},\"image\":{\"@id\":\"https:\\\/\\\/www.scribecom.fr\\\/mavaleurajoutee\\\/communication\\\/#primaryimage\"},\"thumbnailUrl\":\"https:\\\/\\\/www.scribecom.fr\\\/mavaleurajoutee\\\/wp-content\\\/uploads\\\/2017\\\/05\\\/stones-2082937_640.jpg\",\"datePublished\":\"2017-05-02T21:47:28+00:00\",\"dateModified\":\"2025-10-18T19:54:53+00:00\",\"breadcrumb\":{\"@id\":\"https:\\\/\\\/www.scribecom.fr\\\/mavaleurajoutee\\\/communication\\\/#breadcrumb\"},\"inLanguage\":\"fr-FR\",\"potentialAction\":[{\"@type\":\"ReadAction\",\"target\":[\"https:\\\/\\\/www.scribecom.fr\\\/mavaleurajoutee\\\/communication\\\/\"]}]},{\"@type\":\"ImageObject\",\"inLanguage\":\"fr-FR\",\"@id\":\"https:\\\/\\\/www.scribecom.fr\\\/mavaleurajoutee\\\/communication\\\/#primaryimage\",\"url\":\"https:\\\/\\\/www.scribecom.fr\\\/mavaleurajoutee\\\/wp-content\\\/uploads\\\/2017\\\/05\\\/stones-2082937_640.jpg\",\"contentUrl\":\"https:\\\/\\\/www.scribecom.fr\\\/mavaleurajoutee\\\/wp-content\\\/uploads\\\/2017\\\/05\\\/stones-2082937_640.jpg\",\"width\":640,\"height\":426},{\"@type\":\"BreadcrumbList\",\"@id\":\"https:\\\/\\\/www.scribecom.fr\\\/mavaleurajoutee\\\/communication\\\/#breadcrumb\",\"itemListElement\":[{\"@type\":\"ListItem\",\"position\":1,\"name\":\"Accueil\",\"item\":\"https:\\\/\\\/www.scribecom.fr\\\/mavaleurajoutee\\\/\"},{\"@type\":\"ListItem\",\"position\":2,\"name\":\"communication\"}]},{\"@type\":\"WebSite\",\"@id\":\"https:\\\/\\\/www.scribecom.fr\\\/mavaleurajoutee\\\/#website\",\"url\":\"https:\\\/\\\/www.scribecom.fr\\\/mavaleurajoutee\\\/\",\"name\":\"Votre Valeur Ajout\u00e9e\",\"description\":\"SERVIR SA DIFF\u00c9RENCE\",\"publisher\":{\"@id\":\"https:\\\/\\\/www.scribecom.fr\\\/mavaleurajoutee\\\/#organization\"},\"potentialAction\":[{\"@type\":\"SearchAction\",\"target\":{\"@type\":\"EntryPoint\",\"urlTemplate\":\"https:\\\/\\\/www.scribecom.fr\\\/mavaleurajoutee\\\/?s={search_term_string}\"},\"query-input\":{\"@type\":\"PropertyValueSpecification\",\"valueRequired\":true,\"valueName\":\"search_term_string\"}}],\"inLanguage\":\"fr-FR\"},{\"@type\":\"Organization\",\"@id\":\"https:\\\/\\\/www.scribecom.fr\\\/mavaleurajoutee\\\/#organization\",\"name\":\"Votre Valeur Ajout\u00e9e\",\"url\":\"https:\\\/\\\/www.scribecom.fr\\\/mavaleurajoutee\\\/\",\"logo\":{\"@type\":\"ImageObject\",\"inLanguage\":\"fr-FR\",\"@id\":\"https:\\\/\\\/www.scribecom.fr\\\/mavaleurajoutee\\\/#\\\/schema\\\/logo\\\/image\\\/\",\"url\":\"https:\\\/\\\/www.scribecom.fr\\\/mavaleurajoutee\\\/wp-content\\\/uploads\\\/2025\\\/10\\\/cropped-VVA-1.png\",\"contentUrl\":\"https:\\\/\\\/www.scribecom.fr\\\/mavaleurajoutee\\\/wp-content\\\/uploads\\\/2025\\\/10\\\/cropped-VVA-1.png\",\"width\":499,\"height\":99,\"caption\":\"Votre Valeur Ajout\u00e9e\"},\"image\":{\"@id\":\"https:\\\/\\\/www.scribecom.fr\\\/mavaleurajoutee\\\/#\\\/schema\\\/logo\\\/image\\\/\"},\"sameAs\":[\"https:\\\/\\\/www.facebook.com\\\/scribecom\",\"https:\\\/\\\/x.com\\\/Scribelle\"]}]}<\/script>\n<!-- \/ Yoast SEO plugin. -->","yoast_head_json":{"title":"communication - Votre Valeur Ajout\u00e9e","robots":{"index":"index","follow":"follow","max-snippet":"max-snippet:-1","max-image-preview":"max-image-preview:large","max-video-preview":"max-video-preview:-1"},"canonical":"https:\/\/www.scribecom.fr\/mavaleurajoutee\/communication\/","og_locale":"fr_FR","og_type":"article","og_title":"communication - Votre Valeur Ajout\u00e9e","og_description":"PR\u00c9VOIR Communiquer n&rsquo;est pas une phase \u00e0 traiter au dernier moment ! Votre image va donner vie au concept. La gestion de l&rsquo;information doit \u00eatre int\u00e9gr\u00e9e d\u00e8s le d\u00e9but. D\u00e8s l&rsquo;\u00e9tape de la veille, r\u00e9fl\u00e9chir \u00e0 une future formulation. HABILLER Quand n\u00e9cessaire, Scrib\u00e9Com travail avec un r\u00e9seau de qualit\u00e9 constitu\u00e9 de professionnels : graphiste, vid\u00e9aste,&hellip;&nbsp;","og_url":"https:\/\/www.scribecom.fr\/mavaleurajoutee\/communication\/","og_site_name":"Votre Valeur Ajout\u00e9e","article_publisher":"https:\/\/www.facebook.com\/scribecom","article_modified_time":"2025-10-18T19:54:53+00:00","og_image":[{"width":640,"height":426,"url":"https:\/\/www.scribecom.fr\/mavaleurajoutee\/wp-content\/uploads\/2017\/05\/stones-2082937_640.jpg","type":"image\/jpeg"}],"twitter_card":"summary_large_image","twitter_site":"@Scribelle","twitter_misc":{"Dur\u00e9e de lecture estim\u00e9e":"1 minute"},"schema":{"@context":"https:\/\/schema.org","@graph":[{"@type":"WebPage","@id":"https:\/\/www.scribecom.fr\/mavaleurajoutee\/communication\/","url":"https:\/\/www.scribecom.fr\/mavaleurajoutee\/communication\/","name":"communication - Votre Valeur Ajout\u00e9e","isPartOf":{"@id":"https:\/\/www.scribecom.fr\/mavaleurajoutee\/#website"},"primaryImageOfPage":{"@id":"https:\/\/www.scribecom.fr\/mavaleurajoutee\/communication\/#primaryimage"},"image":{"@id":"https:\/\/www.scribecom.fr\/mavaleurajoutee\/communication\/#primaryimage"},"thumbnailUrl":"https:\/\/www.scribecom.fr\/mavaleurajoutee\/wp-content\/uploads\/2017\/05\/stones-2082937_640.jpg","datePublished":"2017-05-02T21:47:28+00:00","dateModified":"2025-10-18T19:54:53+00:00","breadcrumb":{"@id":"https:\/\/www.scribecom.fr\/mavaleurajoutee\/communication\/#breadcrumb"},"inLanguage":"fr-FR","potentialAction":[{"@type":"ReadAction","target":["https:\/\/www.scribecom.fr\/mavaleurajoutee\/communication\/"]}]},{"@type":"ImageObject","inLanguage":"fr-FR","@id":"https:\/\/www.scribecom.fr\/mavaleurajoutee\/communication\/#primaryimage","url":"https:\/\/www.scribecom.fr\/mavaleurajoutee\/wp-content\/uploads\/2017\/05\/stones-2082937_640.jpg","contentUrl":"https:\/\/www.scribecom.fr\/mavaleurajoutee\/wp-content\/uploads\/2017\/05\/stones-2082937_640.jpg","width":640,"height":426},{"@type":"BreadcrumbList","@id":"https:\/\/www.scribecom.fr\/mavaleurajoutee\/communication\/#breadcrumb","itemListElement":[{"@type":"ListItem","position":1,"name":"Accueil","item":"https:\/\/www.scribecom.fr\/mavaleurajoutee\/"},{"@type":"ListItem","position":2,"name":"communication"}]},{"@type":"WebSite","@id":"https:\/\/www.scribecom.fr\/mavaleurajoutee\/#website","url":"https:\/\/www.scribecom.fr\/mavaleurajoutee\/","name":"Votre Valeur Ajout\u00e9e","description":"SERVIR SA DIFF\u00c9RENCE","publisher":{"@id":"https:\/\/www.scribecom.fr\/mavaleurajoutee\/#organization"},"potentialAction":[{"@type":"SearchAction","target":{"@type":"EntryPoint","urlTemplate":"https:\/\/www.scribecom.fr\/mavaleurajoutee\/?s={search_term_string}"},"query-input":{"@type":"PropertyValueSpecification","valueRequired":true,"valueName":"search_term_string"}}],"inLanguage":"fr-FR"},{"@type":"Organization","@id":"https:\/\/www.scribecom.fr\/mavaleurajoutee\/#organization","name":"Votre Valeur Ajout\u00e9e","url":"https:\/\/www.scribecom.fr\/mavaleurajoutee\/","logo":{"@type":"ImageObject","inLanguage":"fr-FR","@id":"https:\/\/www.scribecom.fr\/mavaleurajoutee\/#\/schema\/logo\/image\/","url":"https:\/\/www.scribecom.fr\/mavaleurajoutee\/wp-content\/uploads\/2025\/10\/cropped-VVA-1.png","contentUrl":"https:\/\/www.scribecom.fr\/mavaleurajoutee\/wp-content\/uploads\/2025\/10\/cropped-VVA-1.png","width":499,"height":99,"caption":"Votre Valeur Ajout\u00e9e"},"image":{"@id":"https:\/\/www.scribecom.fr\/mavaleurajoutee\/#\/schema\/logo\/image\/"},"sameAs":["https:\/\/www.facebook.com\/scribecom","https:\/\/x.com\/Scribelle"]}]}},"_links":{"self":[{"href":"https:\/\/www.scribecom.fr\/mavaleurajoutee\/wp-json\/wp\/v2\/pages\/57","targetHints":{"allow":["GET"]}}],"collection":[{"href":"https:\/\/www.scribecom.fr\/mavaleurajoutee\/wp-json\/wp\/v2\/pages"}],"about":[{"href":"https:\/\/www.scribecom.fr\/mavaleurajoutee\/wp-json\/wp\/v2\/types\/page"}],"author":[{"embeddable":true,"href":"https:\/\/www.scribecom.fr\/mavaleurajoutee\/wp-json\/wp\/v2\/users\/1"}],"replies":[{"embeddable":true,"href":"https:\/\/www.scribecom.fr\/mavaleurajoutee\/wp-json\/wp\/v2\/comments?post=57"}],"version-history":[{"count":58,"href":"https:\/\/www.scribecom.fr\/mavaleurajoutee\/wp-json\/wp\/v2\/pages\/57\/revisions"}],"predecessor-version":[{"id":1196,"href":"https:\/\/www.scribecom.fr\/mavaleurajoutee\/wp-json\/wp\/v2\/pages\/57\/revisions\/1196"}],"wp:featuredmedia":[{"embeddable":true,"href":"https:\/\/www.scribecom.fr\/mavaleurajoutee\/wp-json\/wp\/v2\/media\/78"}],"wp:attachment":[{"href":"https:\/\/www.scribecom.fr\/mavaleurajoutee\/wp-json\/wp\/v2\/media?parent=57"}],"curies":[{"name":"wp","href":"https:\/\/api.w.org\/{rel}","templated":true}]}}