{"id":55,"date":"2017-05-02T23:47:14","date_gmt":"2017-05-02T21:47:14","guid":{"rendered":"http:\/\/www.scribecom.fr\/mavaleurajoutee\/?page_id=55"},"modified":"2025-10-22T20:13:08","modified_gmt":"2025-10-22T18:13:08","slug":"anticipation","status":"publish","type":"page","link":"https:\/\/www.scribecom.fr\/mavaleurajoutee\/anticipation\/","title":{"rendered":"anticipation"},"content":{"rendered":"\n<div class=\"wp-block-columns is-layout-flex wp-container-core-columns-is-layout-8f761849 wp-block-columns-is-layout-flex\">\n<div class=\"wp-block-column is-layout-flow wp-block-column-is-layout-flow\">\n<h2 class=\"wp-block-heading has-text-color has-link-color wp-elements-6119e4dfb614c604607605b22b52ad8f\" style=\"color:#13aba8;font-size:22px\">SENTIR<\/h2>\n\n\n\n<p class=\"has-text-color has-link-color wp-elements-82640bafa5b01d2db9addb4f3165d839 wp-block-paragraph\" style=\"color:#555555;font-size:14px\">Lire les \u00ab\u00a0tendances\u00a0\u00bb n&rsquo;est pas toujours suffisant. L&rsquo;\u00e8re du temps \u00e9voluant rapidement, surfer sur une niche peut faire flop. Faire appel \u00e0 un regard ext\u00e9rieur est un atout pour votre r\u00e9flexion \u00e0 mener au-del\u00e0 de la veille.<\/p>\n<\/div>\n\n\n\n<div class=\"wp-block-column is-layout-flow wp-block-column-is-layout-flow\">\n<h2 class=\"wp-block-heading has-text-color has-link-color wp-elements-73f870d5f62b76ea9207fd70a5e2675d\" style=\"color:#13aba8;font-size:22px\">SE PROJETER<\/h2>\n\n\n\n<p class=\"has-text-color has-link-color wp-elements-ca4fdba2c6c631d0d8a3091e6532bc19 wp-block-paragraph\" style=\"color:#555555;font-size:14px\">Anticiper demande de s&rsquo;imaginer dans le \u00ab\u00a0futur r\u00e9el\u00a0\u00bb. La projection mentale et visuelle est une capacit\u00e9 inh\u00e9rente \u00e0 l&rsquo;\u00e9laboration d&rsquo;une strat\u00e9gie. Elle n&rsquo;est pas inn\u00e9. Un \u00e9change accompagn\u00e9 peut apporter un \u00e9clairage.<\/p>\n<\/div>\n\n\n\n<div class=\"wp-block-column is-layout-flow wp-block-column-is-layout-flow\">\n<h2 class=\"wp-block-heading has-text-color has-link-color wp-elements-9651bb4ad6db2d2c52b54273c7ce6abb\" style=\"color:#13aba8;font-size:22px\">CONCEVOIR<\/h2>\n\n\n\n<p class=\"has-text-color has-link-color wp-elements-5f5b2feb822e2af2ea9dadd4c31f7824 wp-block-paragraph\" style=\"color:#555555;font-size:14px\">Construire un projet, c&rsquo;est mettre \u00e0 plat une id\u00e9e avant de la d\u00e9velopper. Sa conception prend en compte les param\u00e8tres et moyens \u00e0 d\u00e9ployer. \u00c0 ce stade, \u00e9bauche de son image et de sa communication est indissociable.<\/p>\n<\/div>\n<\/div>\n\n\n<div class=\"wp-block-image\">\n<figure class=\"aligncenter size-full is-resized\"><img loading=\"lazy\" decoding=\"async\" width=\"640\" height=\"480\" src=\"https:\/\/www.scribecom.fr\/mavaleurajoutee\/wp-content\/uploads\/2017\/05\/stone-2250693_640.jpg\" alt=\"\" class=\"wp-image-79\" style=\"width:470px\" srcset=\"https:\/\/www.scribecom.fr\/mavaleurajoutee\/wp-content\/uploads\/2017\/05\/stone-2250693_640.jpg 640w, https:\/\/www.scribecom.fr\/mavaleurajoutee\/wp-content\/uploads\/2017\/05\/stone-2250693_640-300x225.jpg 300w\" sizes=\"auto, (max-width: 640px) 100vw, 640px\" \/><\/figure>\n<\/div>\n\n\n<div style=\"height:35px\" aria-hidden=\"true\" class=\"wp-block-spacer\"><\/div>\n\n\n\n<p class=\"has-text-align-center wp-block-paragraph\">\u00a0<em>Ma capacit\u00e9 \u00e0 voir les d\u00e9tails et \u00e0 anticiper est une de mes forces.<\/em><\/p>\n\n\n\n<div style=\"height:35px\" aria-hidden=\"true\" class=\"wp-block-spacer\"><\/div>\n","protected":false},"excerpt":{"rendered":"<p>SENTIR Lire les \u00ab\u00a0tendances\u00a0\u00bb n&rsquo;est pas toujours suffisant. L&rsquo;\u00e8re du temps \u00e9voluant rapidement, surfer sur une niche peut faire flop. Faire appel \u00e0 un regard ext\u00e9rieur est un atout pour votre r\u00e9flexion \u00e0 mener au-del\u00e0 de la veille. SE PROJETER Anticiper demande de s&rsquo;imaginer dans le \u00ab\u00a0futur r\u00e9el\u00a0\u00bb. La projection mentale et visuelle est une&hellip;&nbsp;<\/p>\n","protected":false},"author":1,"featured_media":80,"parent":0,"menu_order":0,"comment_status":"closed","ping_status":"closed","template":"","meta":{"_crdt_document":"","neve_meta_sidebar":"","neve_meta_container":"","neve_meta_enable_content_width":"","neve_meta_content_width":0,"neve_meta_title_alignment":"","neve_meta_author_avatar":"","neve_post_elements_order":"","neve_meta_disable_header":"","neve_meta_disable_footer":"","neve_meta_disable_title":"","footnotes":""},"class_list":["post-55","page","type-page","status-publish","has-post-thumbnail","hentry"],"yoast_head":"<!-- This site is optimized with the Yoast SEO plugin v27.4 - https:\/\/yoast.com\/product\/yoast-seo-wordpress\/ -->\n<title>anticipation - Votre Valeur Ajout\u00e9e<\/title>\n<meta name=\"robots\" content=\"index, follow, max-snippet:-1, max-image-preview:large, max-video-preview:-1\" \/>\n<link rel=\"canonical\" href=\"https:\/\/www.scribecom.fr\/mavaleurajoutee\/anticipation\/\" \/>\n<meta property=\"og:locale\" content=\"fr_FR\" \/>\n<meta property=\"og:type\" content=\"article\" \/>\n<meta property=\"og:title\" content=\"anticipation - Votre Valeur Ajout\u00e9e\" \/>\n<meta property=\"og:description\" content=\"SENTIR Lire les \u00ab\u00a0tendances\u00a0\u00bb n&rsquo;est pas toujours suffisant. L&rsquo;\u00e8re du temps \u00e9voluant rapidement, surfer sur une niche peut faire flop. Faire appel \u00e0 un regard ext\u00e9rieur est un atout pour votre r\u00e9flexion \u00e0 mener au-del\u00e0 de la veille. SE PROJETER Anticiper demande de s&rsquo;imaginer dans le \u00ab\u00a0futur r\u00e9el\u00a0\u00bb. La projection mentale et visuelle est une&hellip;&nbsp;\" \/>\n<meta property=\"og:url\" content=\"https:\/\/www.scribecom.fr\/mavaleurajoutee\/anticipation\/\" \/>\n<meta property=\"og:site_name\" content=\"Votre Valeur Ajout\u00e9e\" \/>\n<meta property=\"article:publisher\" content=\"https:\/\/www.facebook.com\/scribecom\" \/>\n<meta property=\"article:modified_time\" content=\"2025-10-22T18:13:08+00:00\" \/>\n<meta property=\"og:image\" content=\"https:\/\/www.scribecom.fr\/mavaleurajoutee\/wp-content\/uploads\/2017\/05\/stone-2250695_640.jpg\" \/>\n\t<meta property=\"og:image:width\" content=\"640\" \/>\n\t<meta property=\"og:image:height\" content=\"480\" \/>\n\t<meta property=\"og:image:type\" content=\"image\/jpeg\" \/>\n<meta name=\"twitter:card\" content=\"summary_large_image\" \/>\n<meta name=\"twitter:site\" content=\"@Scribelle\" \/>\n<meta name=\"twitter:label1\" content=\"Dur\u00e9e de lecture estim\u00e9e\" \/>\n\t<meta name=\"twitter:data1\" content=\"2 minutes\" \/>\n<script type=\"application\/ld+json\" class=\"yoast-schema-graph\">{\"@context\":\"https:\\\/\\\/schema.org\",\"@graph\":[{\"@type\":\"WebPage\",\"@id\":\"https:\\\/\\\/www.scribecom.fr\\\/mavaleurajoutee\\\/anticipation\\\/\",\"url\":\"https:\\\/\\\/www.scribecom.fr\\\/mavaleurajoutee\\\/anticipation\\\/\",\"name\":\"anticipation - Votre Valeur Ajout\u00e9e\",\"isPartOf\":{\"@id\":\"https:\\\/\\\/www.scribecom.fr\\\/mavaleurajoutee\\\/#website\"},\"primaryImageOfPage\":{\"@id\":\"https:\\\/\\\/www.scribecom.fr\\\/mavaleurajoutee\\\/anticipation\\\/#primaryimage\"},\"image\":{\"@id\":\"https:\\\/\\\/www.scribecom.fr\\\/mavaleurajoutee\\\/anticipation\\\/#primaryimage\"},\"thumbnailUrl\":\"https:\\\/\\\/www.scribecom.fr\\\/mavaleurajoutee\\\/wp-content\\\/uploads\\\/2017\\\/05\\\/stone-2250695_640.jpg\",\"datePublished\":\"2017-05-02T21:47:14+00:00\",\"dateModified\":\"2025-10-22T18:13:08+00:00\",\"breadcrumb\":{\"@id\":\"https:\\\/\\\/www.scribecom.fr\\\/mavaleurajoutee\\\/anticipation\\\/#breadcrumb\"},\"inLanguage\":\"fr-FR\",\"potentialAction\":[{\"@type\":\"ReadAction\",\"target\":[\"https:\\\/\\\/www.scribecom.fr\\\/mavaleurajoutee\\\/anticipation\\\/\"]}]},{\"@type\":\"ImageObject\",\"inLanguage\":\"fr-FR\",\"@id\":\"https:\\\/\\\/www.scribecom.fr\\\/mavaleurajoutee\\\/anticipation\\\/#primaryimage\",\"url\":\"https:\\\/\\\/www.scribecom.fr\\\/mavaleurajoutee\\\/wp-content\\\/uploads\\\/2017\\\/05\\\/stone-2250695_640.jpg\",\"contentUrl\":\"https:\\\/\\\/www.scribecom.fr\\\/mavaleurajoutee\\\/wp-content\\\/uploads\\\/2017\\\/05\\\/stone-2250695_640.jpg\",\"width\":640,\"height\":480},{\"@type\":\"BreadcrumbList\",\"@id\":\"https:\\\/\\\/www.scribecom.fr\\\/mavaleurajoutee\\\/anticipation\\\/#breadcrumb\",\"itemListElement\":[{\"@type\":\"ListItem\",\"position\":1,\"name\":\"Accueil\",\"item\":\"https:\\\/\\\/www.scribecom.fr\\\/mavaleurajoutee\\\/\"},{\"@type\":\"ListItem\",\"position\":2,\"name\":\"anticipation\"}]},{\"@type\":\"WebSite\",\"@id\":\"https:\\\/\\\/www.scribecom.fr\\\/mavaleurajoutee\\\/#website\",\"url\":\"https:\\\/\\\/www.scribecom.fr\\\/mavaleurajoutee\\\/\",\"name\":\"Votre Valeur Ajout\u00e9e\",\"description\":\"SERVIR SA DIFF\u00c9RENCE\",\"publisher\":{\"@id\":\"https:\\\/\\\/www.scribecom.fr\\\/mavaleurajoutee\\\/#organization\"},\"potentialAction\":[{\"@type\":\"SearchAction\",\"target\":{\"@type\":\"EntryPoint\",\"urlTemplate\":\"https:\\\/\\\/www.scribecom.fr\\\/mavaleurajoutee\\\/?s={search_term_string}\"},\"query-input\":{\"@type\":\"PropertyValueSpecification\",\"valueRequired\":true,\"valueName\":\"search_term_string\"}}],\"inLanguage\":\"fr-FR\"},{\"@type\":\"Organization\",\"@id\":\"https:\\\/\\\/www.scribecom.fr\\\/mavaleurajoutee\\\/#organization\",\"name\":\"Votre Valeur Ajout\u00e9e\",\"url\":\"https:\\\/\\\/www.scribecom.fr\\\/mavaleurajoutee\\\/\",\"logo\":{\"@type\":\"ImageObject\",\"inLanguage\":\"fr-FR\",\"@id\":\"https:\\\/\\\/www.scribecom.fr\\\/mavaleurajoutee\\\/#\\\/schema\\\/logo\\\/image\\\/\",\"url\":\"https:\\\/\\\/www.scribecom.fr\\\/mavaleurajoutee\\\/wp-content\\\/uploads\\\/2025\\\/10\\\/cropped-VVA-1.png\",\"contentUrl\":\"https:\\\/\\\/www.scribecom.fr\\\/mavaleurajoutee\\\/wp-content\\\/uploads\\\/2025\\\/10\\\/cropped-VVA-1.png\",\"width\":499,\"height\":99,\"caption\":\"Votre Valeur Ajout\u00e9e\"},\"image\":{\"@id\":\"https:\\\/\\\/www.scribecom.fr\\\/mavaleurajoutee\\\/#\\\/schema\\\/logo\\\/image\\\/\"},\"sameAs\":[\"https:\\\/\\\/www.facebook.com\\\/scribecom\",\"https:\\\/\\\/x.com\\\/Scribelle\"]}]}<\/script>\n<!-- \/ Yoast SEO plugin. -->","yoast_head_json":{"title":"anticipation - Votre Valeur Ajout\u00e9e","robots":{"index":"index","follow":"follow","max-snippet":"max-snippet:-1","max-image-preview":"max-image-preview:large","max-video-preview":"max-video-preview:-1"},"canonical":"https:\/\/www.scribecom.fr\/mavaleurajoutee\/anticipation\/","og_locale":"fr_FR","og_type":"article","og_title":"anticipation - Votre Valeur Ajout\u00e9e","og_description":"SENTIR Lire les \u00ab\u00a0tendances\u00a0\u00bb n&rsquo;est pas toujours suffisant. L&rsquo;\u00e8re du temps \u00e9voluant rapidement, surfer sur une niche peut faire flop. Faire appel \u00e0 un regard ext\u00e9rieur est un atout pour votre r\u00e9flexion \u00e0 mener au-del\u00e0 de la veille. SE PROJETER Anticiper demande de s&rsquo;imaginer dans le \u00ab\u00a0futur r\u00e9el\u00a0\u00bb. La projection mentale et visuelle est une&hellip;&nbsp;","og_url":"https:\/\/www.scribecom.fr\/mavaleurajoutee\/anticipation\/","og_site_name":"Votre Valeur Ajout\u00e9e","article_publisher":"https:\/\/www.facebook.com\/scribecom","article_modified_time":"2025-10-22T18:13:08+00:00","og_image":[{"width":640,"height":480,"url":"https:\/\/www.scribecom.fr\/mavaleurajoutee\/wp-content\/uploads\/2017\/05\/stone-2250695_640.jpg","type":"image\/jpeg"}],"twitter_card":"summary_large_image","twitter_site":"@Scribelle","twitter_misc":{"Dur\u00e9e de lecture estim\u00e9e":"2 minutes"},"schema":{"@context":"https:\/\/schema.org","@graph":[{"@type":"WebPage","@id":"https:\/\/www.scribecom.fr\/mavaleurajoutee\/anticipation\/","url":"https:\/\/www.scribecom.fr\/mavaleurajoutee\/anticipation\/","name":"anticipation - Votre Valeur Ajout\u00e9e","isPartOf":{"@id":"https:\/\/www.scribecom.fr\/mavaleurajoutee\/#website"},"primaryImageOfPage":{"@id":"https:\/\/www.scribecom.fr\/mavaleurajoutee\/anticipation\/#primaryimage"},"image":{"@id":"https:\/\/www.scribecom.fr\/mavaleurajoutee\/anticipation\/#primaryimage"},"thumbnailUrl":"https:\/\/www.scribecom.fr\/mavaleurajoutee\/wp-content\/uploads\/2017\/05\/stone-2250695_640.jpg","datePublished":"2017-05-02T21:47:14+00:00","dateModified":"2025-10-22T18:13:08+00:00","breadcrumb":{"@id":"https:\/\/www.scribecom.fr\/mavaleurajoutee\/anticipation\/#breadcrumb"},"inLanguage":"fr-FR","potentialAction":[{"@type":"ReadAction","target":["https:\/\/www.scribecom.fr\/mavaleurajoutee\/anticipation\/"]}]},{"@type":"ImageObject","inLanguage":"fr-FR","@id":"https:\/\/www.scribecom.fr\/mavaleurajoutee\/anticipation\/#primaryimage","url":"https:\/\/www.scribecom.fr\/mavaleurajoutee\/wp-content\/uploads\/2017\/05\/stone-2250695_640.jpg","contentUrl":"https:\/\/www.scribecom.fr\/mavaleurajoutee\/wp-content\/uploads\/2017\/05\/stone-2250695_640.jpg","width":640,"height":480},{"@type":"BreadcrumbList","@id":"https:\/\/www.scribecom.fr\/mavaleurajoutee\/anticipation\/#breadcrumb","itemListElement":[{"@type":"ListItem","position":1,"name":"Accueil","item":"https:\/\/www.scribecom.fr\/mavaleurajoutee\/"},{"@type":"ListItem","position":2,"name":"anticipation"}]},{"@type":"WebSite","@id":"https:\/\/www.scribecom.fr\/mavaleurajoutee\/#website","url":"https:\/\/www.scribecom.fr\/mavaleurajoutee\/","name":"Votre Valeur Ajout\u00e9e","description":"SERVIR SA DIFF\u00c9RENCE","publisher":{"@id":"https:\/\/www.scribecom.fr\/mavaleurajoutee\/#organization"},"potentialAction":[{"@type":"SearchAction","target":{"@type":"EntryPoint","urlTemplate":"https:\/\/www.scribecom.fr\/mavaleurajoutee\/?s={search_term_string}"},"query-input":{"@type":"PropertyValueSpecification","valueRequired":true,"valueName":"search_term_string"}}],"inLanguage":"fr-FR"},{"@type":"Organization","@id":"https:\/\/www.scribecom.fr\/mavaleurajoutee\/#organization","name":"Votre Valeur Ajout\u00e9e","url":"https:\/\/www.scribecom.fr\/mavaleurajoutee\/","logo":{"@type":"ImageObject","inLanguage":"fr-FR","@id":"https:\/\/www.scribecom.fr\/mavaleurajoutee\/#\/schema\/logo\/image\/","url":"https:\/\/www.scribecom.fr\/mavaleurajoutee\/wp-content\/uploads\/2025\/10\/cropped-VVA-1.png","contentUrl":"https:\/\/www.scribecom.fr\/mavaleurajoutee\/wp-content\/uploads\/2025\/10\/cropped-VVA-1.png","width":499,"height":99,"caption":"Votre Valeur Ajout\u00e9e"},"image":{"@id":"https:\/\/www.scribecom.fr\/mavaleurajoutee\/#\/schema\/logo\/image\/"},"sameAs":["https:\/\/www.facebook.com\/scribecom","https:\/\/x.com\/Scribelle"]}]}},"_links":{"self":[{"href":"https:\/\/www.scribecom.fr\/mavaleurajoutee\/wp-json\/wp\/v2\/pages\/55","targetHints":{"allow":["GET"]}}],"collection":[{"href":"https:\/\/www.scribecom.fr\/mavaleurajoutee\/wp-json\/wp\/v2\/pages"}],"about":[{"href":"https:\/\/www.scribecom.fr\/mavaleurajoutee\/wp-json\/wp\/v2\/types\/page"}],"author":[{"embeddable":true,"href":"https:\/\/www.scribecom.fr\/mavaleurajoutee\/wp-json\/wp\/v2\/users\/1"}],"replies":[{"embeddable":true,"href":"https:\/\/www.scribecom.fr\/mavaleurajoutee\/wp-json\/wp\/v2\/comments?post=55"}],"version-history":[{"count":42,"href":"https:\/\/www.scribecom.fr\/mavaleurajoutee\/wp-json\/wp\/v2\/pages\/55\/revisions"}],"predecessor-version":[{"id":1211,"href":"https:\/\/www.scribecom.fr\/mavaleurajoutee\/wp-json\/wp\/v2\/pages\/55\/revisions\/1211"}],"wp:featuredmedia":[{"embeddable":true,"href":"https:\/\/www.scribecom.fr\/mavaleurajoutee\/wp-json\/wp\/v2\/media\/80"}],"wp:attachment":[{"href":"https:\/\/www.scribecom.fr\/mavaleurajoutee\/wp-json\/wp\/v2\/media?parent=55"}],"curies":[{"name":"wp","href":"https:\/\/api.w.org\/{rel}","templated":true}]}}