{"id":439,"date":"2017-08-13T18:11:31","date_gmt":"2017-08-13T16:11:31","guid":{"rendered":"http:\/\/www.scribecom.fr\/mavaleurajoutee\/?page_id=439"},"modified":"2025-11-19T11:39:47","modified_gmt":"2025-11-19T10:39:47","slug":"idee-concept","status":"publish","type":"page","link":"https:\/\/www.scribecom.fr\/mavaleurajoutee\/","title":{"rendered":"Valeur ajout\u00e9e : pourquoi, comment"},"content":{"rendered":"\n<div style=\"height:40px\" aria-hidden=\"true\" class=\"wp-block-spacer\"><\/div>\n\n\n\n<div class=\"wp-block-cover alignfull\" style=\"min-height:200px;aspect-ratio:unset;\"><span aria-hidden=\"true\" class=\"wp-block-cover__background has-neve-link-hover-color-background-color has-background-dim-100 has-background-dim\"><\/span><div class=\"wp-block-cover__inner-container is-layout-constrained wp-block-cover-is-layout-constrained\">\n<p class=\"has-text-align-center has-nv-site-bg-color has-text-color has-link-color wp-elements-7b473a3182435efa88e409457c913c8d wp-block-paragraph\" style=\"font-size:57px\">votre valeur ajout\u00e9e peut vous diff\u00e9rencier<\/p>\n<\/div><\/div>\n\n\n\n<div style=\"height:40px\" aria-hidden=\"true\" class=\"wp-block-spacer\"><\/div>\n\n\n\n<h2 class=\"wp-block-heading has-text-align-center has-medium-font-size\"><em>Trouvons ensemble votre valeur ajout\u00e9e pour la faire fructifier<\/em><\/h2>\n\n\n\n<div class=\"wp-block-columns alignwide has-background is-layout-flex wp-container-core-columns-is-layout-8f761849 wp-block-columns-is-layout-flex\" style=\"background-color:#b3a79b73\">\n<div class=\"wp-block-column is-layout-flow wp-block-column-is-layout-flow\" style=\"flex-basis:50px\"><\/div>\n\n\n\n<div class=\"wp-block-column is-vertically-aligned-top is-layout-flow wp-block-column-is-layout-flow\">\n<div style=\"height:31px\" aria-hidden=\"true\" class=\"wp-block-spacer\"><\/div>\n\n\n\n<h2 class=\"wp-block-heading has-text-color has-link-color has-medium-font-size wp-elements-693aa5f06f276e95f4f21e3d0f9f62e7\" style=\"color:#39bfb6\">Une valeur ajout\u00e9e sert un r\u00eave<\/h2>\n\n\n\n<h2 class=\"wp-block-heading has-text-align-left has-luminous-vivid-orange-color has-text-color has-link-color wp-elements-dae40e151d68fc50448affc0ae98f2ee\">POURQUOI<\/h2>\n\n\n\n<p class=\"wp-block-paragraph\">1. Pour <strong>se d\u00e9marquer<\/strong><br><em>&gt; n\u00e9cessit\u00e9 de la singularit\u00e9<\/em><\/p>\n\n\n\n<p class=\"wp-block-paragraph\">2. Se d\u00e9marquer pour <strong>attirer<\/strong><br><em>&gt; impact de la s\u00e9duction<\/em><\/p>\n\n\n\n<p class=\"wp-block-paragraph\">3. Attirer pour<strong> vendre<\/strong><br><em>&gt; enjeu de la conversion<\/em><br><\/p>\n<\/div>\n\n\n\n<div class=\"wp-block-column is-vertically-aligned-stretch is-layout-flow wp-block-column-is-layout-flow\">\n<div style=\"height:30px\" aria-hidden=\"true\" class=\"wp-block-spacer\"><\/div>\n\n\n\n<h2 class=\"wp-block-heading has-text-color has-link-color has-medium-font-size wp-elements-2512193b3756a3bb8a90d6d3d3e49ffa\" style=\"color:#39bfb6\">Pas n&rsquo;importe quelle valeur ajout\u00e9e<\/h2>\n\n\n\n<h2 class=\"wp-block-heading has-luminous-vivid-orange-color has-text-color has-link-color wp-elements-b6c41ccfb5d84e0adee9fb4716facfc0\">COMMENT<\/h2>\n\n\n\n<p class=\"wp-block-paragraph\">1. Observer : <strong>\u00e9tudier <\/strong>le march\u00e9 et la concurrence<br><em>&gt; utilit\u00e9 d&rsquo;une veille<\/em><\/p>\n\n\n\n<p class=\"wp-block-paragraph\">2. Anticiper : <strong>se projeter <\/strong>pour d\u00e9cliner un concept<br><em>&gt; importance d&rsquo;une vision<\/em><\/p>\n\n\n\n<p class=\"wp-block-paragraph\">3. Communiquer : trouver et raconter du <strong>sens <\/strong><br><em>&gt; enjeu de l&rsquo;information<\/em><\/p>\n<\/div>\n<\/div>\n\n\n\n<div class=\"wp-block-buttons is-content-justification-center is-layout-flex wp-container-core-buttons-is-layout-fe48e5de wp-block-buttons-is-layout-flex\">\n<div class=\"wp-block-button has-custom-width wp-block-button__width-50 is-style-primary\"><a class=\"wp-block-button__link has-nv-c-1-background-color has-background wp-element-button\" href=\"mailto:contact@scribecom.fr\" style=\"padding-top:var(--wp--preset--spacing--40);padding-bottom:var(--wp--preset--spacing--40)\" target=\"_blank\" rel=\"noreferrer noopener\">J&rsquo;ai besoin de conseils et d&rsquo;une aide pour la d\u00e9couvrir<\/a><\/div>\n<\/div>\n\n\n\n<div style=\"height:40px\" aria-hidden=\"true\" class=\"wp-block-spacer\"><\/div>\n\n\n\n<div class=\"wp-block-columns is-layout-flex wp-container-core-columns-is-layout-8f761849 wp-block-columns-is-layout-flex\">\n<div class=\"wp-block-column is-layout-flow wp-block-column-is-layout-flow\">\n<p class=\"has-text-align-center has-text-color has-link-color has-large-font-size wp-elements-63f15bb81a9e4f31afe0bd6d0840b35f wp-block-paragraph\" style=\"color:#b3a89c\">observation<\/p>\n\n\n<div class=\"wp-block-image\">\n<figure class=\"aligncenter size-medium is-resized\"><a href=\"https:\/\/www.scribecom.fr\/mavaleurajoutee\/observation\/\" target=\"_blank\" rel=\" noreferrer noopener\"><img loading=\"lazy\" decoding=\"async\" width=\"300\" height=\"225\" src=\"https:\/\/www.scribecom.fr\/mavaleurajoutee\/wp-content\/uploads\/2017\/05\/stone-2250693_640-300x225.jpg\" alt=\"\" class=\"wp-image-79\" style=\"aspect-ratio:1;object-fit:cover;width:240px\" srcset=\"https:\/\/www.scribecom.fr\/mavaleurajoutee\/wp-content\/uploads\/2017\/05\/stone-2250693_640-300x225.jpg 300w, https:\/\/www.scribecom.fr\/mavaleurajoutee\/wp-content\/uploads\/2017\/05\/stone-2250693_640.jpg 640w\" sizes=\"auto, (max-width: 300px) 100vw, 300px\" \/><\/a><figcaption class=\"wp-element-caption\"><sub><sup>VEILLER . TRIER . ANALYSER<\/sup><\/sub><\/figcaption><\/figure>\n<\/div><\/div>\n\n\n\n<div class=\"wp-block-column is-layout-flow wp-block-column-is-layout-flow\">\n<p class=\"has-text-align-center has-text-color has-link-color has-large-font-size wp-elements-f23f07b2b1beeb8ccceec2e18f45bdd6 wp-block-paragraph\" style=\"color:#b3a89c\">anticipation<\/p>\n\n\n<div class=\"wp-block-image\">\n<figure class=\"aligncenter size-medium is-resized\"><a href=\"https:\/\/www.scribecom.fr\/mavaleurajoutee\/anticipation\/\" target=\"_blank\" rel=\" noreferrer noopener\"><img loading=\"lazy\" decoding=\"async\" width=\"300\" height=\"225\" src=\"https:\/\/www.scribecom.fr\/mavaleurajoutee\/wp-content\/uploads\/2017\/05\/stone-2250695_640-300x225.jpg\" alt=\"\" class=\"wp-image-80\" style=\"aspect-ratio:1;object-fit:cover;width:240px\" srcset=\"https:\/\/www.scribecom.fr\/mavaleurajoutee\/wp-content\/uploads\/2017\/05\/stone-2250695_640-300x225.jpg 300w, https:\/\/www.scribecom.fr\/mavaleurajoutee\/wp-content\/uploads\/2017\/05\/stone-2250695_640.jpg 640w\" sizes=\"auto, (max-width: 300px) 100vw, 300px\" \/><\/a><figcaption class=\"wp-element-caption\"><sup><sub>SENTIR . SE PROJETER . CONCEVOIR<\/sub><\/sup><\/figcaption><\/figure>\n<\/div><\/div>\n\n\n\n<div class=\"wp-block-column is-layout-flow wp-block-column-is-layout-flow\">\n<p class=\"has-text-align-center has-text-color has-link-color has-large-font-size wp-elements-5a7588b2c2373e4f6fd0c732e591a4a1 wp-block-paragraph\" style=\"color:#b3a89c\">communication<\/p>\n\n\n<div class=\"wp-block-image\">\n<figure class=\"aligncenter size-medium is-resized\"><img loading=\"lazy\" decoding=\"async\" width=\"300\" height=\"200\" src=\"https:\/\/www.scribecom.fr\/mavaleurajoutee\/wp-content\/uploads\/2017\/05\/stones-2082937_640-300x200.jpg\" alt=\"\" class=\"wp-image-78\" style=\"aspect-ratio:1;object-fit:cover;width:240px\" srcset=\"https:\/\/www.scribecom.fr\/mavaleurajoutee\/wp-content\/uploads\/2017\/05\/stones-2082937_640-300x200.jpg 300w, https:\/\/www.scribecom.fr\/mavaleurajoutee\/wp-content\/uploads\/2017\/05\/stones-2082937_640.jpg 640w\" sizes=\"auto, (max-width: 300px) 100vw, 300px\" \/><figcaption class=\"wp-element-caption\"><sup><sub>HABILLER . INFORMER . PARTAGER<\/sub><\/sup><\/figcaption><\/figure>\n<\/div><\/div>\n<\/div>\n\n\n\n<div style=\"height:20px\" aria-hidden=\"true\" class=\"wp-block-spacer\"><\/div>\n\n\n\n<h2 class=\"wp-block-heading has-text-align-center has-luminous-vivid-orange-color has-text-color has-link-color wp-elements-d9842e9234e3af217c3043b9336dbe99\" style=\"font-size:22px\"><strong>Vous cherchez une id\u00e9e marketing ?<\/strong> <strong>Vous avez une id\u00e9e, mais pas tr\u00e8s au point ?<\/strong><\/h2>\n\n\n\n<div class=\"wp-block-columns is-layout-flex wp-container-core-columns-is-layout-8f761849 wp-block-columns-is-layout-flex\">\n<div class=\"wp-block-column is-layout-flow wp-block-column-is-layout-flow\">\n<p class=\"has-text-align-center wp-block-paragraph\" style=\"font-size:18px\">J&rsquo;apporte plus qu&rsquo;un \u00e9clairage \u00e0 votre projet : <br>une <strong>valeur ajout\u00e9e<\/strong>. <br>Mon approche transversale s&rsquo;appuie<br>sur une <strong>vision globale<\/strong>.<\/p>\n<\/div>\n\n\n\n<div class=\"wp-block-column is-layout-flow wp-block-column-is-layout-flow\">\n<p class=\"has-text-align-center wp-block-paragraph\" style=\"font-size:18px\">Je vous aide \u00e0 donner du <strong>sens<\/strong><br>et des <strong>arguments<\/strong> \u00e0 votre id\u00e9e. <br>Je peux l&rsquo;habiller de communication<br>et l&rsquo;inscrire dans une <strong>strat\u00e9gie digitale<\/strong>.<\/p>\n<\/div>\n<\/div>\n\n\n\n<h5 class=\"wp-block-heading has-text-align-center\" style=\"font-size:18px\">Mon m\u00e9tier : <br><strong>d\u00e9cliner un concept et accompagner son d\u00e9veloppement marketing, apportant \u00e0 votre projet l&rsquo;image dont il a besoin.<\/strong><\/h5>\n\n\n\n<p class=\"has-text-align-center has-background wp-block-paragraph\" style=\"background-color:#b3a79ba3;font-size:18px\"><strong>5 outils<\/strong> : observation, psychologie, approche holistique, logique, intuition.<br><strong>6 \u00e9tapes<\/strong> : \u00e9coute, analyse, discussion, projection, conception, communication.<\/p>\n\n\n\n<p class=\"has-text-align-center has-nv-site-bg-background-color has-text-color has-background has-link-color wp-elements-5b6909a084114b8100ef43879104d7ed wp-block-paragraph\" style=\"color:#13aba8;font-size:26px\"><em>Tout id\u00e9e de business doit porter une valeur ajout\u00e9e.<\/em><\/p>\n\n\n\n<div style=\"height:30px\" aria-hidden=\"true\" class=\"wp-block-spacer\"><\/div>\n","protected":false},"excerpt":{"rendered":"<p>Trouvons ensemble votre valeur ajout\u00e9e pour la faire fructifier Une valeur ajout\u00e9e sert un r\u00eave POURQUOI 1. Pour se d\u00e9marquer&gt; n\u00e9cessit\u00e9 de la singularit\u00e9 2. Se d\u00e9marquer pour attirer&gt; impact de la s\u00e9duction 3. Attirer pour vendre&gt; enjeu de la conversion Pas n&rsquo;importe quelle valeur ajout\u00e9e COMMENT 1. Observer : \u00e9tudier le march\u00e9 et la&hellip;&nbsp;<\/p>\n","protected":false},"author":1,"featured_media":0,"parent":0,"menu_order":0,"comment_status":"closed","ping_status":"closed","template":"","meta":{"_crdt_document":"","neve_meta_sidebar":"","neve_meta_container":"full-width","neve_meta_enable_content_width":"","neve_meta_content_width":0,"neve_meta_title_alignment":"","neve_meta_author_avatar":"","neve_post_elements_order":"","neve_meta_disable_header":"","neve_meta_disable_footer":"","neve_meta_disable_title":"on","footnotes":""},"class_list":["post-439","page","type-page","status-publish","hentry"],"yoast_head":"<!-- This site is optimized with the Yoast SEO plugin v27.4 - https:\/\/yoast.com\/product\/yoast-seo-wordpress\/ -->\n<title>Concept, id\u00e9e marketing et valeur ajout\u00e9e<\/title>\n<meta name=\"description\" content=\"Vous cherchez une id\u00e9e de concept, accompagn\u00e9e de marketing et donc de communication ? Ma valeur ajout\u00e9e est de vous en trouver une !\" \/>\n<meta name=\"robots\" content=\"index, follow, max-snippet:-1, max-image-preview:large, max-video-preview:-1\" \/>\n<link rel=\"canonical\" href=\"https:\/\/www.scribecom.fr\/mavaleurajoutee\/\" \/>\n<meta property=\"og:locale\" content=\"fr_FR\" \/>\n<meta property=\"og:type\" content=\"article\" \/>\n<meta property=\"og:title\" content=\"Concept, id\u00e9e marketing et valeur ajout\u00e9e\" \/>\n<meta property=\"og:description\" content=\"Vous cherchez une id\u00e9e de concept, accompagn\u00e9e de marketing et donc de communication ? Ma valeur ajout\u00e9e est de vous en trouver une !\" \/>\n<meta property=\"og:url\" content=\"https:\/\/www.scribecom.fr\/mavaleurajoutee\/\" \/>\n<meta property=\"og:site_name\" content=\"Votre Valeur Ajout\u00e9e\" \/>\n<meta property=\"article:publisher\" content=\"https:\/\/www.facebook.com\/scribecom\" \/>\n<meta property=\"article:modified_time\" content=\"2025-11-19T10:39:47+00:00\" \/>\n<meta property=\"og:image\" content=\"https:\/\/www.scribecom.fr\/mavaleurajoutee\/wp-content\/uploads\/2017\/05\/stone-2250693_640.jpg\" \/>\n\t<meta property=\"og:image:width\" content=\"640\" \/>\n\t<meta property=\"og:image:height\" content=\"480\" \/>\n\t<meta property=\"og:image:type\" content=\"image\/jpeg\" \/>\n<meta name=\"twitter:card\" content=\"summary_large_image\" \/>\n<meta name=\"twitter:site\" content=\"@Scribelle\" \/>\n<meta name=\"twitter:label1\" content=\"Dur\u00e9e de lecture estim\u00e9e\" \/>\n\t<meta name=\"twitter:data1\" content=\"2 minutes\" \/>\n<script type=\"application\/ld+json\" class=\"yoast-schema-graph\">{\"@context\":\"https:\\\/\\\/schema.org\",\"@graph\":[{\"@type\":\"WebPage\",\"@id\":\"https:\\\/\\\/www.scribecom.fr\\\/mavaleurajoutee\\\/\",\"url\":\"https:\\\/\\\/www.scribecom.fr\\\/mavaleurajoutee\\\/\",\"name\":\"Concept, id\u00e9e marketing et valeur ajout\u00e9e\",\"isPartOf\":{\"@id\":\"https:\\\/\\\/www.scribecom.fr\\\/mavaleurajoutee\\\/#website\"},\"primaryImageOfPage\":{\"@id\":\"https:\\\/\\\/www.scribecom.fr\\\/mavaleurajoutee\\\/#primaryimage\"},\"image\":{\"@id\":\"https:\\\/\\\/www.scribecom.fr\\\/mavaleurajoutee\\\/#primaryimage\"},\"thumbnailUrl\":\"https:\\\/\\\/www.scribecom.fr\\\/mavaleurajoutee\\\/wp-content\\\/uploads\\\/2017\\\/05\\\/stone-2250693_640-300x225.jpg\",\"datePublished\":\"2017-08-13T16:11:31+00:00\",\"dateModified\":\"2025-11-19T10:39:47+00:00\",\"description\":\"Vous cherchez une id\u00e9e de concept, accompagn\u00e9e de marketing et donc de communication ? Ma valeur ajout\u00e9e est de vous en trouver une !\",\"breadcrumb\":{\"@id\":\"https:\\\/\\\/www.scribecom.fr\\\/mavaleurajoutee\\\/#breadcrumb\"},\"inLanguage\":\"fr-FR\",\"potentialAction\":[{\"@type\":\"ReadAction\",\"target\":[\"https:\\\/\\\/www.scribecom.fr\\\/mavaleurajoutee\\\/\"]}]},{\"@type\":\"ImageObject\",\"inLanguage\":\"fr-FR\",\"@id\":\"https:\\\/\\\/www.scribecom.fr\\\/mavaleurajoutee\\\/#primaryimage\",\"url\":\"https:\\\/\\\/www.scribecom.fr\\\/mavaleurajoutee\\\/wp-content\\\/uploads\\\/2017\\\/05\\\/stone-2250693_640.jpg\",\"contentUrl\":\"https:\\\/\\\/www.scribecom.fr\\\/mavaleurajoutee\\\/wp-content\\\/uploads\\\/2017\\\/05\\\/stone-2250693_640.jpg\",\"width\":640,\"height\":480},{\"@type\":\"BreadcrumbList\",\"@id\":\"https:\\\/\\\/www.scribecom.fr\\\/mavaleurajoutee\\\/#breadcrumb\",\"itemListElement\":[{\"@type\":\"ListItem\",\"position\":1,\"name\":\"Accueil\",\"item\":\"https:\\\/\\\/www.scribecom.fr\\\/mavaleurajoutee\\\/\"},{\"@type\":\"ListItem\",\"position\":2,\"name\":\"Valeur ajout\u00e9e : pourquoi, comment\"}]},{\"@type\":\"WebSite\",\"@id\":\"https:\\\/\\\/www.scribecom.fr\\\/mavaleurajoutee\\\/#website\",\"url\":\"https:\\\/\\\/www.scribecom.fr\\\/mavaleurajoutee\\\/\",\"name\":\"Votre Valeur Ajout\u00e9e\",\"description\":\"SERVIR SA DIFF\u00c9RENCE\",\"publisher\":{\"@id\":\"https:\\\/\\\/www.scribecom.fr\\\/mavaleurajoutee\\\/#organization\"},\"potentialAction\":[{\"@type\":\"SearchAction\",\"target\":{\"@type\":\"EntryPoint\",\"urlTemplate\":\"https:\\\/\\\/www.scribecom.fr\\\/mavaleurajoutee\\\/?s={search_term_string}\"},\"query-input\":{\"@type\":\"PropertyValueSpecification\",\"valueRequired\":true,\"valueName\":\"search_term_string\"}}],\"inLanguage\":\"fr-FR\"},{\"@type\":\"Organization\",\"@id\":\"https:\\\/\\\/www.scribecom.fr\\\/mavaleurajoutee\\\/#organization\",\"name\":\"Votre Valeur Ajout\u00e9e\",\"url\":\"https:\\\/\\\/www.scribecom.fr\\\/mavaleurajoutee\\\/\",\"logo\":{\"@type\":\"ImageObject\",\"inLanguage\":\"fr-FR\",\"@id\":\"https:\\\/\\\/www.scribecom.fr\\\/mavaleurajoutee\\\/#\\\/schema\\\/logo\\\/image\\\/\",\"url\":\"https:\\\/\\\/www.scribecom.fr\\\/mavaleurajoutee\\\/wp-content\\\/uploads\\\/2025\\\/10\\\/cropped-VVA-1.png\",\"contentUrl\":\"https:\\\/\\\/www.scribecom.fr\\\/mavaleurajoutee\\\/wp-content\\\/uploads\\\/2025\\\/10\\\/cropped-VVA-1.png\",\"width\":499,\"height\":99,\"caption\":\"Votre Valeur Ajout\u00e9e\"},\"image\":{\"@id\":\"https:\\\/\\\/www.scribecom.fr\\\/mavaleurajoutee\\\/#\\\/schema\\\/logo\\\/image\\\/\"},\"sameAs\":[\"https:\\\/\\\/www.facebook.com\\\/scribecom\",\"https:\\\/\\\/x.com\\\/Scribelle\"]}]}<\/script>\n<!-- \/ Yoast SEO plugin. -->","yoast_head_json":{"title":"Concept, id\u00e9e marketing et valeur ajout\u00e9e","description":"Vous cherchez une id\u00e9e de concept, accompagn\u00e9e de marketing et donc de communication ? Ma valeur ajout\u00e9e est de vous en trouver une !","robots":{"index":"index","follow":"follow","max-snippet":"max-snippet:-1","max-image-preview":"max-image-preview:large","max-video-preview":"max-video-preview:-1"},"canonical":"https:\/\/www.scribecom.fr\/mavaleurajoutee\/","og_locale":"fr_FR","og_type":"article","og_title":"Concept, id\u00e9e marketing et valeur ajout\u00e9e","og_description":"Vous cherchez une id\u00e9e de concept, accompagn\u00e9e de marketing et donc de communication ? Ma valeur ajout\u00e9e est de vous en trouver une !","og_url":"https:\/\/www.scribecom.fr\/mavaleurajoutee\/","og_site_name":"Votre Valeur Ajout\u00e9e","article_publisher":"https:\/\/www.facebook.com\/scribecom","article_modified_time":"2025-11-19T10:39:47+00:00","og_image":[{"width":640,"height":480,"url":"https:\/\/www.scribecom.fr\/mavaleurajoutee\/wp-content\/uploads\/2017\/05\/stone-2250693_640.jpg","type":"image\/jpeg"}],"twitter_card":"summary_large_image","twitter_site":"@Scribelle","twitter_misc":{"Dur\u00e9e de lecture estim\u00e9e":"2 minutes"},"schema":{"@context":"https:\/\/schema.org","@graph":[{"@type":"WebPage","@id":"https:\/\/www.scribecom.fr\/mavaleurajoutee\/","url":"https:\/\/www.scribecom.fr\/mavaleurajoutee\/","name":"Concept, id\u00e9e marketing et valeur ajout\u00e9e","isPartOf":{"@id":"https:\/\/www.scribecom.fr\/mavaleurajoutee\/#website"},"primaryImageOfPage":{"@id":"https:\/\/www.scribecom.fr\/mavaleurajoutee\/#primaryimage"},"image":{"@id":"https:\/\/www.scribecom.fr\/mavaleurajoutee\/#primaryimage"},"thumbnailUrl":"https:\/\/www.scribecom.fr\/mavaleurajoutee\/wp-content\/uploads\/2017\/05\/stone-2250693_640-300x225.jpg","datePublished":"2017-08-13T16:11:31+00:00","dateModified":"2025-11-19T10:39:47+00:00","description":"Vous cherchez une id\u00e9e de concept, accompagn\u00e9e de marketing et donc de communication ? Ma valeur ajout\u00e9e est de vous en trouver une !","breadcrumb":{"@id":"https:\/\/www.scribecom.fr\/mavaleurajoutee\/#breadcrumb"},"inLanguage":"fr-FR","potentialAction":[{"@type":"ReadAction","target":["https:\/\/www.scribecom.fr\/mavaleurajoutee\/"]}]},{"@type":"ImageObject","inLanguage":"fr-FR","@id":"https:\/\/www.scribecom.fr\/mavaleurajoutee\/#primaryimage","url":"https:\/\/www.scribecom.fr\/mavaleurajoutee\/wp-content\/uploads\/2017\/05\/stone-2250693_640.jpg","contentUrl":"https:\/\/www.scribecom.fr\/mavaleurajoutee\/wp-content\/uploads\/2017\/05\/stone-2250693_640.jpg","width":640,"height":480},{"@type":"BreadcrumbList","@id":"https:\/\/www.scribecom.fr\/mavaleurajoutee\/#breadcrumb","itemListElement":[{"@type":"ListItem","position":1,"name":"Accueil","item":"https:\/\/www.scribecom.fr\/mavaleurajoutee\/"},{"@type":"ListItem","position":2,"name":"Valeur ajout\u00e9e : pourquoi, comment"}]},{"@type":"WebSite","@id":"https:\/\/www.scribecom.fr\/mavaleurajoutee\/#website","url":"https:\/\/www.scribecom.fr\/mavaleurajoutee\/","name":"Votre Valeur Ajout\u00e9e","description":"SERVIR SA DIFF\u00c9RENCE","publisher":{"@id":"https:\/\/www.scribecom.fr\/mavaleurajoutee\/#organization"},"potentialAction":[{"@type":"SearchAction","target":{"@type":"EntryPoint","urlTemplate":"https:\/\/www.scribecom.fr\/mavaleurajoutee\/?s={search_term_string}"},"query-input":{"@type":"PropertyValueSpecification","valueRequired":true,"valueName":"search_term_string"}}],"inLanguage":"fr-FR"},{"@type":"Organization","@id":"https:\/\/www.scribecom.fr\/mavaleurajoutee\/#organization","name":"Votre Valeur Ajout\u00e9e","url":"https:\/\/www.scribecom.fr\/mavaleurajoutee\/","logo":{"@type":"ImageObject","inLanguage":"fr-FR","@id":"https:\/\/www.scribecom.fr\/mavaleurajoutee\/#\/schema\/logo\/image\/","url":"https:\/\/www.scribecom.fr\/mavaleurajoutee\/wp-content\/uploads\/2025\/10\/cropped-VVA-1.png","contentUrl":"https:\/\/www.scribecom.fr\/mavaleurajoutee\/wp-content\/uploads\/2025\/10\/cropped-VVA-1.png","width":499,"height":99,"caption":"Votre Valeur Ajout\u00e9e"},"image":{"@id":"https:\/\/www.scribecom.fr\/mavaleurajoutee\/#\/schema\/logo\/image\/"},"sameAs":["https:\/\/www.facebook.com\/scribecom","https:\/\/x.com\/Scribelle"]}]}},"_links":{"self":[{"href":"https:\/\/www.scribecom.fr\/mavaleurajoutee\/wp-json\/wp\/v2\/pages\/439","targetHints":{"allow":["GET"]}}],"collection":[{"href":"https:\/\/www.scribecom.fr\/mavaleurajoutee\/wp-json\/wp\/v2\/pages"}],"about":[{"href":"https:\/\/www.scribecom.fr\/mavaleurajoutee\/wp-json\/wp\/v2\/types\/page"}],"author":[{"embeddable":true,"href":"https:\/\/www.scribecom.fr\/mavaleurajoutee\/wp-json\/wp\/v2\/users\/1"}],"replies":[{"embeddable":true,"href":"https:\/\/www.scribecom.fr\/mavaleurajoutee\/wp-json\/wp\/v2\/comments?post=439"}],"version-history":[{"count":76,"href":"https:\/\/www.scribecom.fr\/mavaleurajoutee\/wp-json\/wp\/v2\/pages\/439\/revisions"}],"predecessor-version":[{"id":1230,"href":"https:\/\/www.scribecom.fr\/mavaleurajoutee\/wp-json\/wp\/v2\/pages\/439\/revisions\/1230"}],"wp:attachment":[{"href":"https:\/\/www.scribecom.fr\/mavaleurajoutee\/wp-json\/wp\/v2\/media?parent=439"}],"curies":[{"name":"wp","href":"https:\/\/api.w.org\/{rel}","templated":true}]}}