{"id":230,"date":"2017-05-14T17:53:44","date_gmt":"2017-05-14T15:53:44","guid":{"rendered":"http:\/\/www.scribecom.fr\/mavaleurajoutee\/?page_id=230"},"modified":"2025-10-24T10:33:46","modified_gmt":"2025-10-24T08:33:46","slug":"qui-suis-je","status":"publish","type":"page","link":"https:\/\/www.scribecom.fr\/mavaleurajoutee\/qui-suis-je\/","title":{"rendered":"Qui suis-je"},"content":{"rendered":"\n<div class=\"wp-block-columns are-vertically-aligned-center is-layout-flex wp-container-core-columns-is-layout-8f761849 wp-block-columns-is-layout-flex\">\n<div class=\"wp-block-column is-vertically-aligned-center is-layout-flow wp-block-column-is-layout-flow\" style=\"flex-basis:66.66%\">\n<h2 class=\"wp-block-heading has-border-color has-nv-c-1-color has-text-color has-link-color wp-elements-4fb651f6dd82491cc110036477d70152\" style=\"border-color:var(--nv-secondary-accent);border-width:2px;border-top-left-radius:10px;border-top-right-radius:10px;border-bottom-left-radius:10px;border-bottom-right-radius:10px;padding-top:0.44rem;padding-right:var(--wp--preset--spacing--30);padding-bottom:0.44rem;padding-left:var(--wp--preset--spacing--30);font-size:22px\"><strong>Freelance depuis longtemps<\/strong><\/h2>\n\n\n\n<p class=\"wp-block-paragraph\">Apr\u00e8s une huitaine d&rsquo;ann\u00e9es de journalisme, j&rsquo;ai cr\u00e9\u00e9 mon agence de communication (\u00e9crite), qui s&rsquo;appelle aujourd&rsquo;hui <span style=\"text-decoration: underline;\"><a href=\"https:\/\/scribecom.fr\" target=\"_blank\" rel=\"noopener noreferrer\">Scrib\u00e9Com<\/a><\/span> et qui a f\u00eat\u00e9 ses 20 ans en 2017. Soulignant de fait ma qualit\u00e9 de freelance senior avec par cons\u00e9quent un bagage et une exp\u00e9rience non n\u00e9gligeables.<\/p>\n\n\n\n<p class=\"wp-block-paragraph\">Mais au-del\u00e0, j&rsquo;ai envie de partager ce moment pr\u00e9coce de <span style=\"text-decoration: underline;\"><a href=\"https:\/\/votre-storytelling.com\/my-little-story-agence-pub\/\" target=\"_blank\" rel=\"noopener noreferrer\">mon histoire<\/a><\/span> o\u00f9 je suis tomb\u00e9e dedans, tel Ob\u00e9lix, je veux dire dans l&rsquo;univers de la conception-r\u00e9daction puisque mon p\u00e8re dirigeait une agence de publicit\u00e9 \u00e0 Paris. J&rsquo;y ai pass\u00e9 des heures, impr\u00e9gn\u00e9e d\u00e8s mon plus jeune \u00e2ge par la fonction et le m\u00e9tier de publicitaire.<\/p>\n<\/div>\n\n\n\n<div class=\"wp-block-column is-vertically-aligned-center is-layout-flow wp-block-column-is-layout-flow\" style=\"flex-basis:33.33%\">\n<figure class=\"wp-block-image size-large is-resized\"><a href=\"https:\/\/www.scribecom.fr\/mavaleurajoutee\/wp-content\/uploads\/2017\/05\/Avril2017-1.jpg\" target=\"_blank\" rel=\" noreferrer noopener\"><img loading=\"lazy\" decoding=\"async\" width=\"768\" height=\"1024\" src=\"https:\/\/www.scribecom.fr\/mavaleurajoutee\/wp-content\/uploads\/2017\/05\/Avril2017-1-768x1024.jpg\" alt=\"\" class=\"wp-image-239\" style=\"width:245px;height:auto\" srcset=\"https:\/\/www.scribecom.fr\/mavaleurajoutee\/wp-content\/uploads\/2017\/05\/Avril2017-1-768x1024.jpg 768w, https:\/\/www.scribecom.fr\/mavaleurajoutee\/wp-content\/uploads\/2017\/05\/Avril2017-1-225x300.jpg 225w, https:\/\/www.scribecom.fr\/mavaleurajoutee\/wp-content\/uploads\/2017\/05\/Avril2017-1.jpg 1200w\" sizes=\"auto, (max-width: 768px) 100vw, 768px\" \/><\/a><\/figure>\n<\/div>\n<\/div>\n\n\n\n<div class=\"wp-block-columns are-vertically-aligned-center is-layout-flex wp-container-core-columns-is-layout-8f761849 wp-block-columns-is-layout-flex\">\n<div class=\"wp-block-column is-vertically-aligned-center is-layout-flow wp-block-column-is-layout-flow\" style=\"flex-basis:33.33%\">\n<figure class=\"wp-block-image size-full\"><a href=\"https:\/\/www.scribecom.fr\/mavaleurajoutee\/wp-content\/uploads\/2017\/05\/IMG2450A.jpeg\" target=\"_blank\" rel=\" noreferrer noopener\"><img loading=\"lazy\" decoding=\"async\" width=\"480\" height=\"640\" src=\"https:\/\/www.scribecom.fr\/mavaleurajoutee\/wp-content\/uploads\/2017\/05\/IMG2450A.jpeg\" alt=\"\" class=\"wp-image-797\" srcset=\"https:\/\/www.scribecom.fr\/mavaleurajoutee\/wp-content\/uploads\/2017\/05\/IMG2450A.jpeg 480w, https:\/\/www.scribecom.fr\/mavaleurajoutee\/wp-content\/uploads\/2017\/05\/IMG2450A-225x300.jpeg 225w\" sizes=\"auto, (max-width: 480px) 100vw, 480px\" \/><\/a><\/figure>\n<\/div>\n\n\n\n<div class=\"wp-block-column is-vertically-aligned-center is-layout-flow wp-block-column-is-layout-flow\" style=\"flex-basis:66.66%\">\n<h2 class=\"wp-block-heading has-border-color has-nv-c-1-color has-text-color has-link-color wp-elements-c4f4a1f822cc6b8c0d90d6d97262fcbc\" style=\"border-color:var(--nv-secondary-accent);border-width:2px;border-top-left-radius:10px;border-top-right-radius:10px;border-bottom-left-radius:10px;border-bottom-right-radius:10px;padding-top:var(--wp--preset--spacing--20);padding-right:var(--wp--preset--spacing--30);padding-bottom:var(--wp--preset--spacing--20);padding-left:var(--wp--preset--spacing--30);font-size:22px\"><strong> Libre depuis toujours<\/strong><\/h2>\n\n\n\n<p class=\"wp-block-paragraph\">Et si aujourd&rsquo;hui, ma \u00ab\u00a0vision cr\u00e9ative\u00a0\u00bb est toujours intacte, elle est due \u00e0 ma curiosit\u00e9 \u00e0 la fois insatiable et incessante, soutenue par une culture enrichie quotidiennement.<\/p>\n\n\n\n<p class=\"wp-block-paragraph\">D&rsquo;aucuns disent que je serais \u00ab\u00a0aspie\u00a0\u00bb \u2013 asperger l\u00e9ger, ou avec TSA donc (en cours d&rsquo;investigation). Bah, l&rsquo;important est de bien faire son job. \u00c7a tombe bien, il me passionne. Et je consid\u00e8re aujourd&rsquo;hui ma nature neuro-atypique comme une <strong>valeur ajout\u00e9e<\/strong>.<\/p>\n\n\n\n<p class=\"wp-block-paragraph\">Aux premi\u00e8res loges, en 1991, lorsque je vis arriver des \u00e9changes par email alors que je vivais en Angleterre, j&rsquo;ai imm\u00e9diatement senti (et suivi) cette r\u00e9volution num\u00e9rique.<\/p>\n\n\n\n<p class=\"wp-block-paragraph\">Puis tr\u00e8s vite Internet est devenu incontournable, avec chaque jour des id\u00e9es web nouvelles, pr\u00eates \u00e0 durer ou non : depuis, les r\u00e9seaux sociaux ont investi la com \u2013 et notre quotidien ! \u2013, devenant de v\u00e9ritables supports m\u00e9dias et remettant en question bien des choses dans l&rsquo;univers marketing.<\/p>\n<\/div>\n<\/div>\n\n\n\n<p class=\"has-text-align-center wp-block-paragraph\"><em><span style=\"font-size: 14pt;\">Ce qui reste immuable<\/span> : savoir \u00e9couter, observer et servir le client avec la m\u00eame exigence de qualit\u00e9.<\/em><\/p>\n\n\n\n<p class=\"has-text-align-right wp-block-paragraph\">Anne-E. Ropion<\/p>\n\n\n\n<p class=\"wp-block-paragraph\">&nbsp;<\/p>\n\n\n\n<p class=\"has-text-align-left wp-block-paragraph\"><\/p>\n","protected":false},"excerpt":{"rendered":"<p>Freelance depuis longtemps Apr\u00e8s une huitaine d&rsquo;ann\u00e9es de journalisme, j&rsquo;ai cr\u00e9\u00e9 mon agence de communication (\u00e9crite), qui s&rsquo;appelle aujourd&rsquo;hui Scrib\u00e9Com et qui a f\u00eat\u00e9 ses 20 ans en 2017. Soulignant de fait ma qualit\u00e9 de freelance senior avec par cons\u00e9quent un bagage et une exp\u00e9rience non n\u00e9gligeables. Mais au-del\u00e0, j&rsquo;ai envie de partager ce moment&hellip;&nbsp;<\/p>\n","protected":false},"author":1,"featured_media":0,"parent":0,"menu_order":0,"comment_status":"closed","ping_status":"closed","template":"","meta":{"_crdt_document":"","neve_meta_sidebar":"full-width","neve_meta_container":"","neve_meta_enable_content_width":"","neve_meta_content_width":70,"neve_meta_title_alignment":"","neve_meta_author_avatar":"","neve_post_elements_order":"","neve_meta_disable_header":"","neve_meta_disable_footer":"","neve_meta_disable_title":"","footnotes":""},"class_list":["post-230","page","type-page","status-publish","hentry"],"yoast_head":"<!-- This site is optimized with the Yoast SEO plugin v27.6 - https:\/\/yoast.com\/product\/yoast-seo-wordpress\/ -->\n<title>Valeur ajout\u00e9e - senior freelance et visionnaire pour projets marketing<\/title>\n<meta name=\"robots\" content=\"index, follow, max-snippet:-1, max-image-preview:large, max-video-preview:-1\" \/>\n<link rel=\"canonical\" href=\"https:\/\/www.scribecom.fr\/mavaleurajoutee\/qui-suis-je\/\" \/>\n<meta property=\"og:locale\" content=\"fr_FR\" \/>\n<meta property=\"og:type\" content=\"article\" \/>\n<meta property=\"og:title\" content=\"Valeur ajout\u00e9e - senior freelance et visionnaire pour projets marketing\" \/>\n<meta property=\"og:description\" content=\"Freelance depuis longtemps Apr\u00e8s une huitaine d&rsquo;ann\u00e9es de journalisme, j&rsquo;ai cr\u00e9\u00e9 mon agence de communication (\u00e9crite), qui s&rsquo;appelle aujourd&rsquo;hui Scrib\u00e9Com et qui a f\u00eat\u00e9 ses 20 ans en 2017. Soulignant de fait ma qualit\u00e9 de freelance senior avec par cons\u00e9quent un bagage et une exp\u00e9rience non n\u00e9gligeables. Mais au-del\u00e0, j&rsquo;ai envie de partager ce moment&hellip;&nbsp;\" \/>\n<meta property=\"og:url\" content=\"https:\/\/www.scribecom.fr\/mavaleurajoutee\/qui-suis-je\/\" \/>\n<meta property=\"og:site_name\" content=\"Votre Valeur Ajout\u00e9e\" \/>\n<meta property=\"article:publisher\" content=\"https:\/\/www.facebook.com\/scribecom\" \/>\n<meta property=\"article:modified_time\" content=\"2025-10-24T08:33:46+00:00\" \/>\n<meta property=\"og:image\" content=\"https:\/\/www.scribecom.fr\/mavaleurajoutee\/wp-content\/uploads\/2017\/05\/Avril2017-1.jpg\" \/>\n\t<meta property=\"og:image:width\" content=\"1200\" \/>\n\t<meta property=\"og:image:height\" content=\"1600\" \/>\n\t<meta property=\"og:image:type\" content=\"image\/jpeg\" \/>\n<meta name=\"twitter:card\" content=\"summary_large_image\" \/>\n<meta name=\"twitter:site\" content=\"@Scribelle\" \/>\n<meta name=\"twitter:label1\" content=\"Dur\u00e9e de lecture estim\u00e9e\" \/>\n\t<meta name=\"twitter:data1\" content=\"2 minutes\" \/>\n<script type=\"application\/ld+json\" class=\"yoast-schema-graph\">{\"@context\":\"https:\\\/\\\/schema.org\",\"@graph\":[{\"@type\":\"WebPage\",\"@id\":\"https:\\\/\\\/www.scribecom.fr\\\/mavaleurajoutee\\\/qui-suis-je\\\/\",\"url\":\"https:\\\/\\\/www.scribecom.fr\\\/mavaleurajoutee\\\/qui-suis-je\\\/\",\"name\":\"Valeur ajout\u00e9e - senior freelance et visionnaire pour projets marketing\",\"isPartOf\":{\"@id\":\"https:\\\/\\\/www.scribecom.fr\\\/mavaleurajoutee\\\/#website\"},\"primaryImageOfPage\":{\"@id\":\"https:\\\/\\\/www.scribecom.fr\\\/mavaleurajoutee\\\/qui-suis-je\\\/#primaryimage\"},\"image\":{\"@id\":\"https:\\\/\\\/www.scribecom.fr\\\/mavaleurajoutee\\\/qui-suis-je\\\/#primaryimage\"},\"thumbnailUrl\":\"https:\\\/\\\/www.scribecom.fr\\\/mavaleurajoutee\\\/wp-content\\\/uploads\\\/2017\\\/05\\\/Avril2017-1-768x1024.jpg\",\"datePublished\":\"2017-05-14T15:53:44+00:00\",\"dateModified\":\"2025-10-24T08:33:46+00:00\",\"breadcrumb\":{\"@id\":\"https:\\\/\\\/www.scribecom.fr\\\/mavaleurajoutee\\\/qui-suis-je\\\/#breadcrumb\"},\"inLanguage\":\"fr-FR\",\"potentialAction\":[{\"@type\":\"ReadAction\",\"target\":[\"https:\\\/\\\/www.scribecom.fr\\\/mavaleurajoutee\\\/qui-suis-je\\\/\"]}]},{\"@type\":\"ImageObject\",\"inLanguage\":\"fr-FR\",\"@id\":\"https:\\\/\\\/www.scribecom.fr\\\/mavaleurajoutee\\\/qui-suis-je\\\/#primaryimage\",\"url\":\"https:\\\/\\\/www.scribecom.fr\\\/mavaleurajoutee\\\/wp-content\\\/uploads\\\/2017\\\/05\\\/Avril2017-1.jpg\",\"contentUrl\":\"https:\\\/\\\/www.scribecom.fr\\\/mavaleurajoutee\\\/wp-content\\\/uploads\\\/2017\\\/05\\\/Avril2017-1.jpg\",\"width\":1200,\"height\":1600},{\"@type\":\"BreadcrumbList\",\"@id\":\"https:\\\/\\\/www.scribecom.fr\\\/mavaleurajoutee\\\/qui-suis-je\\\/#breadcrumb\",\"itemListElement\":[{\"@type\":\"ListItem\",\"position\":1,\"name\":\"Accueil\",\"item\":\"https:\\\/\\\/www.scribecom.fr\\\/mavaleurajoutee\\\/\"},{\"@type\":\"ListItem\",\"position\":2,\"name\":\"Qui suis-je\"}]},{\"@type\":\"WebSite\",\"@id\":\"https:\\\/\\\/www.scribecom.fr\\\/mavaleurajoutee\\\/#website\",\"url\":\"https:\\\/\\\/www.scribecom.fr\\\/mavaleurajoutee\\\/\",\"name\":\"Votre Valeur Ajout\u00e9e\",\"description\":\"SERVIR SA DIFF\u00c9RENCE\",\"publisher\":{\"@id\":\"https:\\\/\\\/www.scribecom.fr\\\/mavaleurajoutee\\\/#organization\"},\"potentialAction\":[{\"@type\":\"SearchAction\",\"target\":{\"@type\":\"EntryPoint\",\"urlTemplate\":\"https:\\\/\\\/www.scribecom.fr\\\/mavaleurajoutee\\\/?s={search_term_string}\"},\"query-input\":{\"@type\":\"PropertyValueSpecification\",\"valueRequired\":true,\"valueName\":\"search_term_string\"}}],\"inLanguage\":\"fr-FR\"},{\"@type\":\"Organization\",\"@id\":\"https:\\\/\\\/www.scribecom.fr\\\/mavaleurajoutee\\\/#organization\",\"name\":\"Votre Valeur Ajout\u00e9e\",\"url\":\"https:\\\/\\\/www.scribecom.fr\\\/mavaleurajoutee\\\/\",\"logo\":{\"@type\":\"ImageObject\",\"inLanguage\":\"fr-FR\",\"@id\":\"https:\\\/\\\/www.scribecom.fr\\\/mavaleurajoutee\\\/#\\\/schema\\\/logo\\\/image\\\/\",\"url\":\"https:\\\/\\\/www.scribecom.fr\\\/mavaleurajoutee\\\/wp-content\\\/uploads\\\/2025\\\/10\\\/cropped-VVA-1.png\",\"contentUrl\":\"https:\\\/\\\/www.scribecom.fr\\\/mavaleurajoutee\\\/wp-content\\\/uploads\\\/2025\\\/10\\\/cropped-VVA-1.png\",\"width\":499,\"height\":99,\"caption\":\"Votre Valeur Ajout\u00e9e\"},\"image\":{\"@id\":\"https:\\\/\\\/www.scribecom.fr\\\/mavaleurajoutee\\\/#\\\/schema\\\/logo\\\/image\\\/\"},\"sameAs\":[\"https:\\\/\\\/www.facebook.com\\\/scribecom\",\"https:\\\/\\\/x.com\\\/Scribelle\"]}]}<\/script>\n<!-- \/ Yoast SEO plugin. -->","yoast_head_json":{"title":"Valeur ajout\u00e9e - senior freelance et visionnaire pour projets marketing","robots":{"index":"index","follow":"follow","max-snippet":"max-snippet:-1","max-image-preview":"max-image-preview:large","max-video-preview":"max-video-preview:-1"},"canonical":"https:\/\/www.scribecom.fr\/mavaleurajoutee\/qui-suis-je\/","og_locale":"fr_FR","og_type":"article","og_title":"Valeur ajout\u00e9e - senior freelance et visionnaire pour projets marketing","og_description":"Freelance depuis longtemps Apr\u00e8s une huitaine d&rsquo;ann\u00e9es de journalisme, j&rsquo;ai cr\u00e9\u00e9 mon agence de communication (\u00e9crite), qui s&rsquo;appelle aujourd&rsquo;hui Scrib\u00e9Com et qui a f\u00eat\u00e9 ses 20 ans en 2017. Soulignant de fait ma qualit\u00e9 de freelance senior avec par cons\u00e9quent un bagage et une exp\u00e9rience non n\u00e9gligeables. Mais au-del\u00e0, j&rsquo;ai envie de partager ce moment&hellip;&nbsp;","og_url":"https:\/\/www.scribecom.fr\/mavaleurajoutee\/qui-suis-je\/","og_site_name":"Votre Valeur Ajout\u00e9e","article_publisher":"https:\/\/www.facebook.com\/scribecom","article_modified_time":"2025-10-24T08:33:46+00:00","og_image":[{"width":1200,"height":1600,"url":"https:\/\/www.scribecom.fr\/mavaleurajoutee\/wp-content\/uploads\/2017\/05\/Avril2017-1.jpg","type":"image\/jpeg"}],"twitter_card":"summary_large_image","twitter_site":"@Scribelle","twitter_misc":{"Dur\u00e9e de lecture estim\u00e9e":"2 minutes"},"schema":{"@context":"https:\/\/schema.org","@graph":[{"@type":"WebPage","@id":"https:\/\/www.scribecom.fr\/mavaleurajoutee\/qui-suis-je\/","url":"https:\/\/www.scribecom.fr\/mavaleurajoutee\/qui-suis-je\/","name":"Valeur ajout\u00e9e - senior freelance et visionnaire pour projets marketing","isPartOf":{"@id":"https:\/\/www.scribecom.fr\/mavaleurajoutee\/#website"},"primaryImageOfPage":{"@id":"https:\/\/www.scribecom.fr\/mavaleurajoutee\/qui-suis-je\/#primaryimage"},"image":{"@id":"https:\/\/www.scribecom.fr\/mavaleurajoutee\/qui-suis-je\/#primaryimage"},"thumbnailUrl":"https:\/\/www.scribecom.fr\/mavaleurajoutee\/wp-content\/uploads\/2017\/05\/Avril2017-1-768x1024.jpg","datePublished":"2017-05-14T15:53:44+00:00","dateModified":"2025-10-24T08:33:46+00:00","breadcrumb":{"@id":"https:\/\/www.scribecom.fr\/mavaleurajoutee\/qui-suis-je\/#breadcrumb"},"inLanguage":"fr-FR","potentialAction":[{"@type":"ReadAction","target":["https:\/\/www.scribecom.fr\/mavaleurajoutee\/qui-suis-je\/"]}]},{"@type":"ImageObject","inLanguage":"fr-FR","@id":"https:\/\/www.scribecom.fr\/mavaleurajoutee\/qui-suis-je\/#primaryimage","url":"https:\/\/www.scribecom.fr\/mavaleurajoutee\/wp-content\/uploads\/2017\/05\/Avril2017-1.jpg","contentUrl":"https:\/\/www.scribecom.fr\/mavaleurajoutee\/wp-content\/uploads\/2017\/05\/Avril2017-1.jpg","width":1200,"height":1600},{"@type":"BreadcrumbList","@id":"https:\/\/www.scribecom.fr\/mavaleurajoutee\/qui-suis-je\/#breadcrumb","itemListElement":[{"@type":"ListItem","position":1,"name":"Accueil","item":"https:\/\/www.scribecom.fr\/mavaleurajoutee\/"},{"@type":"ListItem","position":2,"name":"Qui suis-je"}]},{"@type":"WebSite","@id":"https:\/\/www.scribecom.fr\/mavaleurajoutee\/#website","url":"https:\/\/www.scribecom.fr\/mavaleurajoutee\/","name":"Votre Valeur Ajout\u00e9e","description":"SERVIR SA DIFF\u00c9RENCE","publisher":{"@id":"https:\/\/www.scribecom.fr\/mavaleurajoutee\/#organization"},"potentialAction":[{"@type":"SearchAction","target":{"@type":"EntryPoint","urlTemplate":"https:\/\/www.scribecom.fr\/mavaleurajoutee\/?s={search_term_string}"},"query-input":{"@type":"PropertyValueSpecification","valueRequired":true,"valueName":"search_term_string"}}],"inLanguage":"fr-FR"},{"@type":"Organization","@id":"https:\/\/www.scribecom.fr\/mavaleurajoutee\/#organization","name":"Votre Valeur Ajout\u00e9e","url":"https:\/\/www.scribecom.fr\/mavaleurajoutee\/","logo":{"@type":"ImageObject","inLanguage":"fr-FR","@id":"https:\/\/www.scribecom.fr\/mavaleurajoutee\/#\/schema\/logo\/image\/","url":"https:\/\/www.scribecom.fr\/mavaleurajoutee\/wp-content\/uploads\/2025\/10\/cropped-VVA-1.png","contentUrl":"https:\/\/www.scribecom.fr\/mavaleurajoutee\/wp-content\/uploads\/2025\/10\/cropped-VVA-1.png","width":499,"height":99,"caption":"Votre Valeur Ajout\u00e9e"},"image":{"@id":"https:\/\/www.scribecom.fr\/mavaleurajoutee\/#\/schema\/logo\/image\/"},"sameAs":["https:\/\/www.facebook.com\/scribecom","https:\/\/x.com\/Scribelle"]}]}},"_links":{"self":[{"href":"https:\/\/www.scribecom.fr\/mavaleurajoutee\/wp-json\/wp\/v2\/pages\/230","targetHints":{"allow":["GET"]}}],"collection":[{"href":"https:\/\/www.scribecom.fr\/mavaleurajoutee\/wp-json\/wp\/v2\/pages"}],"about":[{"href":"https:\/\/www.scribecom.fr\/mavaleurajoutee\/wp-json\/wp\/v2\/types\/page"}],"author":[{"embeddable":true,"href":"https:\/\/www.scribecom.fr\/mavaleurajoutee\/wp-json\/wp\/v2\/users\/1"}],"replies":[{"embeddable":true,"href":"https:\/\/www.scribecom.fr\/mavaleurajoutee\/wp-json\/wp\/v2\/comments?post=230"}],"version-history":[{"count":59,"href":"https:\/\/www.scribecom.fr\/mavaleurajoutee\/wp-json\/wp\/v2\/pages\/230\/revisions"}],"predecessor-version":[{"id":1218,"href":"https:\/\/www.scribecom.fr\/mavaleurajoutee\/wp-json\/wp\/v2\/pages\/230\/revisions\/1218"}],"wp:attachment":[{"href":"https:\/\/www.scribecom.fr\/mavaleurajoutee\/wp-json\/wp\/v2\/media?parent=230"}],"curies":[{"name":"wp","href":"https:\/\/api.w.org\/{rel}","templated":true}]}}